{"id":5564,"date":"2021-10-20T15:45:58","date_gmt":"2021-10-20T15:45:58","guid":{"rendered":"https:\/\/smartradio.nl\/smart-processing\/"},"modified":"2021-10-20T15:46:01","modified_gmt":"2021-10-20T15:46:01","slug":"smart-processing","status":"publish","type":"page","link":"https:\/\/smartradio.nl\/de\/smart-processing\/","title":{"rendered":"Smart Processing"},"content":{"rendered":"<p>[et_pb_section fb_built=&#8220;1&#8243; _builder_version=&#8220;4.3.4&#8243; background_image=&#8220;https:\/\/smartradio.nl\/wp-content\/uploads\/2020\/02\/background-2850211_1920-transparent.png&#8220; custom_padding=&#8220;0px||0px|||&#8220;][et_pb_row admin_label=&#8220;Reihe&#8220; _builder_version=&#8220;4.4.7&#8243; background_color=&#8220;#7cb740&#8243; width=&#8220;100%&#8220; max_width=&#8220;100%&#8220; custom_padding=&#8220;26px|||||&#8220;][et_pb_column type=&#8220;4_4&#8243; _builder_version=&#8220;4.3.2&#8243;][et_pb_post_title meta=&#8220;off&#8220; featured_image=&#8220;off&#8220; _builder_version=&#8220;4.4.7&#8243; title_font=&#8220;Franklin Gothic|||on|||||&#8220; title_text_align=&#8220;center&#8220; title_text_color=&#8220;#ffffff&#8220; title_font_size=&#8220;50px&#8220; title_font_tablet=&#8220;&#8220; title_font_phone=&#8220;&#8220; title_font_last_edited=&#8220;on|phone&#8220; title_text_color_tablet=&#8220;&#8220; title_text_color_phone=&#8220;&#8220; title_text_color_last_edited=&#8220;on|phone&#8220; title_font_size_tablet=&#8220;45px&#8220; title_font_size_phone=&#8220;40px&#8220; title_font_size_last_edited=&#8220;on|phone&#8220;][\/et_pb_post_title][\/et_pb_column][\/et_pb_row][et_pb_row _builder_version=&#8220;4.3.4&#8243;][et_pb_column type=&#8220;4_4&#8243; _builder_version=&#8220;4.3.4&#8243;][et_pb_gallery gallery_ids=&#8220;5385&#8243; fullwidth=&#8220;on&#8220; _builder_version=&#8220;4.4.7&#8243; max_width=&#8220;70%&#8220; max_width_tablet=&#8220;100%&#8220; max_width_phone=&#8220;&#8220; max_width_last_edited=&#8220;on|phone&#8220; module_alignment=&#8220;center&#8220;][\/et_pb_gallery][et_pb_text _builder_version=&#8220;4.4.7&#8243; text_font=&#8220;Franklin Gothic||||||||&#8220; text_font_size=&#8220;22px&#8220; width=&#8220;70%&#8220; width_tablet=&#8220;100%&#8220; width_phone=&#8220;&#8220; width_last_edited=&#8220;on|desktop&#8220; module_alignment=&#8220;center&#8220;]<\/p>\n<p style=\"text-align: left;\"><span>Broadcast Partners freut sich \u00fcber die Zusammenarbeit mit<a href=\"https:\/\/www.orban.com\/\" target=\"_blank\" rel=\"noopener noreferrer\"> Orban<\/a> , nicht nur bez\u00fcglich der Entwicklung von SmartRadio, sondern auf eine innovative L\u00f6sung zur Cloud-basierten Klangbearbeitung:<strong> Smart Processing<\/strong> .<\/span><\/p>\n<p style=\"text-align: left;\"><strong>Smart Processing<\/strong><span> <\/span>ist ein Cloud- und Web-basiertes Produkt, das Orbans Klangbearbeitung \u2013 die in jedem Format in jedem Markt weltweit verwendet wird \u2013 zu Ihrem unverwechselbaren Sound bringt.<br \/>Und wie bei anderen SmartRadio-Produkten ist es als monatlicher Service erh\u00e4ltlich.<\/p>\n<p style=\"text-align: left;\">\n<ul style=\"text-align: left;\">\n<li><span>Einfache Verbindung \u00fcber AoIP zwischen Ihrer Audioquelle und dem Publishing Point (DAB+ Headend oder Content Delivery Network f\u00fcr Streaming)<\/span><\/li>\n<li><span>Steuerung \u00fcber einen Chrome-Browser<\/span><\/li>\n<li><span>Einstellungen in Echtzeit \u00e4ndern (und den Unterschied sofort h\u00f6ren!)<\/span><\/li>\n<li><span>Speichern und bearbeiten Sie Voreinstellungen nach Bedarf<\/span><\/li>\n<li><span>Verwendung f\u00fcr Online-, Digital- und DAB+-Radio oder f\u00fcr Web-TV-Kan\u00e4le\/Streaming<\/span><\/li>\n<\/ul>\n<p style=\"text-align: left;\"><span>Smart Processing ist in drei Stufen erh\u00e4ltlich: Basic, Medium und High-End. Bitte kontaktieren Sie uns f\u00fcr Informationen zu diesen drei Optionen.<\/span><\/p>\n<p style=\"text-align: left;\"><strong><span>Smart Processing<\/span><\/strong><span> \u2013 Teil von SmartRadio, der fortschrittlichsten Radio-as-a-Service-Plattform in der Cloud.<\/span><\/p>\n<p style=\"text-align: left;\">Klicken<span><a href=\"https:\/\/smartradio.nl\/de\/preise-intelligente-verarbeitung\/\" target=\"_blank\" rel=\"noopener noreferrer\"> Hier<\/a><span> um die Smart Processing-Preise anzuzeigen.<\/span><\/span><\/p>\n<p>[\/et_pb_text][et_pb_button button_url=&#8220;https:\/\/smartradio.nl\/de\/kontakt\/&#8220; button_text=&#8220;Melden Sie sich f\u00fcr SmartRadio an!&#8220; button_alignment=&#8220;center&#8220; _builder_version=&#8220;4.4.7&#8243; custom_button=&#8220;on&#8220; button_text_color=&#8220;#ffffff&#8220; button_bg_color=&#8220;#7cb740&#8243; button_border_width=&#8220;2px&#8220; button_border_color=&#8220;rgba(0,0,0,0)&#8220; button_border_radius=&#8220;10px&#8220;][\/et_pb_button][\/et_pb_column][\/et_pb_row][et_pb_row _builder_version=&#8220;4.7.7&#8243; _module_preset=&#8220;default&#8220; column_structure=&#8220;1_3,1_3,1_3&#8243;][et_pb_column _builder_version=&#8220;4.7.7&#8243; _module_preset=&#8220;default&#8220; type=&#8220;1_3&#8243;][\/et_pb_column][et_pb_column _builder_version=&#8220;4.7.7&#8243; _module_preset=&#8220;default&#8220; type=&#8220;1_3&#8243;][et_pb_image src=&#8220;https:\/\/smartradio.nl\/wp-content\/uploads\/2021\/08\/Orban_400x400-002.jpg&#8220; _builder_version=&#8220;4.7.7&#8243; _module_preset=&#8220;default&#8220; title_text=&#8220;Orban_400x400 (002)&#8220; hover_enabled=&#8220;0&#8243; sticky_enabled=&#8220;0&#8243; url=&#8220;https:\/\/www.orban.com\/&#8220;][\/et_pb_image][\/et_pb_column][et_pb_column _builder_version=&#8220;4.7.7&#8243; _module_preset=&#8220;default&#8220; type=&#8220;1_3&#8243;][\/et_pb_column][\/et_pb_row][et_pb_row _builder_version=&#8220;4.3.4&#8243; width=&#8220;50%&#8220;][et_pb_column type=&#8220;4_4&#8243; _builder_version=&#8220;4.3.4&#8243;][et_pb_post_nav _builder_version=&#8220;4.3.4&#8243; title_font=&#8220;Franklin Gothic||||||||&#8220; title_text_color=&#8220;#000000&#8243; title_font_size=&#8220;2.5vh&#8220;][\/et_pb_post_nav][\/et_pb_column][\/et_pb_row][\/et_pb_section]<\/p>\n","protected":false},"excerpt":{"rendered":"<p>Broadcast Partners freut sich \u00fcber die Zusammenarbeit mit Orban , nicht nur bez\u00fcglich der Entwicklung von SmartRadio, sondern auf eine innovative L\u00f6sung zur Cloud-basierten Klangbearbeitung: Smart Processing . Smart Processing ist ein Cloud- und Web-basiertes Produkt, das Orbans Klangbearbeitung \u2013 die in jedem Format in jedem Markt weltweit verwendet wird \u2013 zu Ihrem unverwechselbaren Sound [&hellip;]<\/p>\n","protected":false},"author":1,"featured_media":0,"parent":0,"menu_order":0,"comment_status":"closed","ping_status":"closed","template":"","meta":{"_et_pb_use_builder":"on","_et_pb_old_content":"","_et_gb_content_width":""},"_links":{"self":[{"href":"https:\/\/smartradio.nl\/de\/wp-json\/wp\/v2\/pages\/5564"}],"collection":[{"href":"https:\/\/smartradio.nl\/de\/wp-json\/wp\/v2\/pages"}],"about":[{"href":"https:\/\/smartradio.nl\/de\/wp-json\/wp\/v2\/types\/page"}],"author":[{"embeddable":true,"href":"https:\/\/smartradio.nl\/de\/wp-json\/wp\/v2\/users\/1"}],"replies":[{"embeddable":true,"href":"https:\/\/smartradio.nl\/de\/wp-json\/wp\/v2\/comments?post=5564"}],"version-history":[{"count":5,"href":"https:\/\/smartradio.nl\/de\/wp-json\/wp\/v2\/pages\/5564\/revisions"}],"predecessor-version":[{"id":5571,"href":"https:\/\/smartradio.nl\/de\/wp-json\/wp\/v2\/pages\/5564\/revisions\/5571"}],"wp:attachment":[{"href":"https:\/\/smartradio.nl\/de\/wp-json\/wp\/v2\/media?parent=5564"}],"curies":[{"name":"wp","href":"https:\/\/api.w.org\/{rel}","templated":true}]}}