{"id":5546,"date":"2021-10-20T15:34:52","date_gmt":"2021-10-20T15:34:52","guid":{"rendered":"https:\/\/smartradio.nl\/smart-live-player\/"},"modified":"2021-10-20T15:34:56","modified_gmt":"2021-10-20T15:34:56","slug":"smart-live-player","status":"publish","type":"page","link":"https:\/\/smartradio.nl\/de\/smart-live-player\/","title":{"rendered":"Smart Live Player"},"content":{"rendered":"<p>[et_pb_section fb_built=&#8220;1&#8243; _builder_version=&#8220;4.3.4&#8243; background_image=&#8220;https:\/\/smartradio.nl\/wp-content\/uploads\/2020\/02\/background-2850211_1920-transparent.png&#8220; custom_padding=&#8220;0px||0px|||&#8220;][et_pb_row admin_label=&#8220;Reihe&#8220; _builder_version=&#8220;4.3.4&#8243; background_color=&#8220;#4fa2d1&#8243; width=&#8220;100%&#8220; max_width=&#8220;100%&#8220; custom_padding=&#8220;26px|||||&#8220;][et_pb_column type=&#8220;4_4&#8243; _builder_version=&#8220;4.3.2&#8243;][et_pb_post_title meta=&#8220;off&#8220; featured_image=&#8220;off&#8220; _builder_version=&#8220;4.4.7&#8243; title_font=&#8220;Franklin Gothic|||on|||||&#8220; title_text_align=&#8220;center&#8220; title_text_color=&#8220;#ffffff&#8220; title_font_size=&#8220;50px&#8220; title_font_tablet=&#8220;&#8220; title_font_phone=&#8220;&#8220; title_font_last_edited=&#8220;on|phone&#8220; title_text_color_tablet=&#8220;&#8220; title_text_color_phone=&#8220;&#8220; title_text_color_last_edited=&#8220;on|phone&#8220; title_font_size_tablet=&#8220;45px&#8220; title_font_size_phone=&#8220;40px&#8220; title_font_size_last_edited=&#8220;on|phone&#8220;][\/et_pb_post_title][\/et_pb_column][\/et_pb_row][et_pb_row _builder_version=&#8220;4.3.4&#8243;][et_pb_column type=&#8220;4_4&#8243; _builder_version=&#8220;4.3.4&#8243;][et_pb_gallery gallery_ids=&#8220;5379&#8243; fullwidth=&#8220;on&#8220; _builder_version=&#8220;4.4.7&#8243; max_width=&#8220;70%&#8220; max_width_tablet=&#8220;100%&#8220; max_width_phone=&#8220;&#8220; max_width_last_edited=&#8220;on|phone&#8220; module_alignment=&#8220;center&#8220;][\/et_pb_gallery][et_pb_text _builder_version=&#8220;4.4.7&#8243; text_font=&#8220;Franklin Gothic||||||||&#8220; text_font_size=&#8220;22px&#8220; width=&#8220;70%&#8220; width_tablet=&#8220;100%&#8220; width_phone=&#8220;&#8220; width_last_edited=&#8220;on|desktop&#8220; module_alignment=&#8220;center&#8220;]<\/p>\n<p>Smart Live Player ist die neueste Erg\u00e4nzung der Plattform und macht SmartRadio bereit f\u00fcr die Live-Unterst\u00fctzung.<\/p>\n<p>Es funktioniert mit 2 Cart-Decks und zeigt Ihnen die wichtigsten Informationen f\u00fcr Ihre Show an. Sie k\u00f6nnen die Fenstergr\u00f6\u00dfe an Ihre eigenen Vorlieben anpassen und andere relevante Fenster f\u00fcr Live-Radio hinzuf\u00fcgen oder entfernen, z. B. einen Jingle-Player oder Ihre Smart Database.<\/p>\n<p>Es wurde f\u00fcr die Verwendung moderner AoIP-Protokolle entwickelt und kann in privaten Cloud-Umgebungen verwendet werden und wird direkt mit Ihrem Mischerger\u00e4t oder Konsole verbunden.<\/p>\n<p>Au\u00dferdem sind die wichtigsten Audio-PFL-Funktionen direkt im Browser verf\u00fcgbar.<\/p>\n<p>[\/et_pb_text][et_pb_button button_url=&#8220;https:\/\/smartradio.nl\/de\/kontakt\/&#8220; button_text=&#8220;Melden Sie sich f\u00fcr SmartRadio an!&#8220; button_alignment=&#8220;center&#8220; _builder_version=&#8220;4.4.7&#8243; custom_button=&#8220;on&#8220; button_text_color=&#8220;#ffffff&#8220; button_bg_color=&#8220;#4fa2d1&#8243; button_border_width=&#8220;2px&#8220; button_border_color=&#8220;rgba(0,0,0,0)&#8220; button_border_radius=&#8220;10px&#8220;][\/et_pb_button][\/et_pb_column][\/et_pb_row][et_pb_row _builder_version=&#8220;4.3.4&#8243; width=&#8220;50%&#8220;][et_pb_column type=&#8220;4_4&#8243; _builder_version=&#8220;4.3.4&#8243;][et_pb_post_nav _builder_version=&#8220;4.3.4&#8243; title_font=&#8220;Franklin Gothic||||||||&#8220; title_text_color=&#8220;#000000&#8243; title_font_size=&#8220;2.5vh&#8220;][\/et_pb_post_nav][\/et_pb_column][\/et_pb_row][\/et_pb_section]<\/p>\n","protected":false},"excerpt":{"rendered":"<p>Smart Live Player ist die neueste Erg\u00e4nzung der Plattform und macht SmartRadio bereit f\u00fcr die Live-Unterst\u00fctzung. Es funktioniert mit 2 Cart-Decks und zeigt Ihnen die wichtigsten Informationen f\u00fcr Ihre Show an. Sie k\u00f6nnen die Fenstergr\u00f6\u00dfe an Ihre eigenen Vorlieben anpassen und andere relevante Fenster f\u00fcr Live-Radio hinzuf\u00fcgen oder entfernen, z. B. einen Jingle-Player oder Ihre [&hellip;]<\/p>\n","protected":false},"author":1,"featured_media":0,"parent":0,"menu_order":0,"comment_status":"closed","ping_status":"closed","template":"","meta":{"_et_pb_use_builder":"on","_et_pb_old_content":"","_et_gb_content_width":""},"_links":{"self":[{"href":"https:\/\/smartradio.nl\/de\/wp-json\/wp\/v2\/pages\/5546"}],"collection":[{"href":"https:\/\/smartradio.nl\/de\/wp-json\/wp\/v2\/pages"}],"about":[{"href":"https:\/\/smartradio.nl\/de\/wp-json\/wp\/v2\/types\/page"}],"author":[{"embeddable":true,"href":"https:\/\/smartradio.nl\/de\/wp-json\/wp\/v2\/users\/1"}],"replies":[{"embeddable":true,"href":"https:\/\/smartradio.nl\/de\/wp-json\/wp\/v2\/comments?post=5546"}],"version-history":[{"count":5,"href":"https:\/\/smartradio.nl\/de\/wp-json\/wp\/v2\/pages\/5546\/revisions"}],"predecessor-version":[{"id":5553,"href":"https:\/\/smartradio.nl\/de\/wp-json\/wp\/v2\/pages\/5546\/revisions\/5553"}],"wp:attachment":[{"href":"https:\/\/smartradio.nl\/de\/wp-json\/wp\/v2\/media?parent=5546"}],"curies":[{"name":"wp","href":"https:\/\/api.w.org\/{rel}","templated":true}]}}