{"id":5529,"date":"2021-10-20T15:27:05","date_gmt":"2021-10-20T15:27:05","guid":{"rendered":"https:\/\/smartradio.nl\/smart-database\/"},"modified":"2021-10-20T15:27:08","modified_gmt":"2021-10-20T15:27:08","slug":"smart-database","status":"publish","type":"page","link":"https:\/\/smartradio.nl\/de\/smart-database\/","title":{"rendered":"Smart Database"},"content":{"rendered":"<p>[et_pb_section fb_built=&#8220;1&#8243; _builder_version=&#8220;4.3.4&#8243; background_image=&#8220;https:\/\/smartradio.nl\/wp-content\/uploads\/2020\/02\/background-2850211_1920-transparent.png&#8220; custom_padding=&#8220;0px||0px|||&#8220;][et_pb_row admin_label=&#8220;Reihe&#8220; _builder_version=&#8220;4.3.4&#8243; background_color=&#8220;#4fa2d1&#8243; width=&#8220;100%&#8220; max_width=&#8220;100%&#8220; custom_padding=&#8220;26px|||||&#8220;][et_pb_column type=&#8220;4_4&#8243; _builder_version=&#8220;4.3.2&#8243;][et_pb_post_title meta=&#8220;off&#8220; featured_image=&#8220;off&#8220; _builder_version=&#8220;4.4.7&#8243; title_font=&#8220;Franklin Gothic|||on|||||&#8220; title_text_align=&#8220;center&#8220; title_text_color=&#8220;#ffffff&#8220; title_font_size=&#8220;50px&#8220; title_font_tablet=&#8220;&#8220; title_font_phone=&#8220;&#8220; title_font_last_edited=&#8220;on|phone&#8220; title_text_color_tablet=&#8220;&#8220; title_text_color_phone=&#8220;&#8220; title_text_color_last_edited=&#8220;on|phone&#8220; title_font_size_tablet=&#8220;45px&#8220; title_font_size_phone=&#8220;40px&#8220; title_font_size_last_edited=&#8220;on|phone&#8220;][\/et_pb_post_title][\/et_pb_column][\/et_pb_row][et_pb_row _builder_version=&#8220;4.3.4&#8243;][et_pb_column type=&#8220;4_4&#8243; _builder_version=&#8220;4.3.4&#8243;][et_pb_gallery gallery_ids=&#8220;5361&#8243; fullwidth=&#8220;on&#8220; _builder_version=&#8220;4.4.7&#8243; max_width=&#8220;70%&#8220; max_width_tablet=&#8220;100%&#8220; max_width_phone=&#8220;&#8220; max_width_last_edited=&#8220;on|phone&#8220; module_alignment=&#8220;center&#8220;][\/et_pb_gallery][et_pb_text _builder_version=&#8220;4.4.7&#8243; text_font=&#8220;Franklin Gothic||||||||&#8220; text_font_size=&#8220;22px&#8220; width=&#8220;70%&#8220; width_tablet=&#8220;100%&#8220; width_phone=&#8220;&#8220; width_last_edited=&#8220;on|desktop&#8220; module_alignment=&#8220;center&#8220;]<\/p>\n<p>Die Smart Database ist das Herzst\u00fcck Ihrer SmartRadio-Umgebung. Ziehen Sie einfach mit Drag&amp;Drop alle Arten von Audiodateien in Ihre Bibliothek. Dort k\u00f6nnen Sie die Metadaten und K\u00fcnstler-\/Album-Visuals bearbeiten, wodurch Sie auf verschiedenen Plattformen, Playern oder Anwendungen ver\u00f6ffentlichen k\u00f6nnen.<\/p>\n<p>Mit dem webbasierten Track-Editor k\u00f6nnen Sie Cuepoints, Fadepoints und Lautst\u00e4rkepegel f\u00fcr jeden Track bearbeiten. Erstellen Sie mehrere Versionen eines Tracks, indem Sie nur einen Track in Ihrem Datenbankspeicher verwenden. Bearbeiten Sie einfach die Metadaten, speichern Sie sie als neu und SmartRadio gibt nur Ihre Version eines Titels ohne Latenz wieder. Probleme mit der Musikspeicherung geh\u00f6ren nun der Vergangenheit an!<\/p>\n<p>[\/et_pb_text][et_pb_button button_url=&#8220;https:\/\/smartradio.nl\/de\/kontakt\/&#8220; button_text=&#8220;Melden Sie sich f\u00fcr SmartRadio an!&#8220; button_alignment=&#8220;center&#8220; _builder_version=&#8220;4.4.7&#8243; custom_button=&#8220;on&#8220; button_text_color=&#8220;#ffffff&#8220; button_bg_color=&#8220;#4fa2d1&#8243; button_border_width=&#8220;2px&#8220; button_border_color=&#8220;rgba(0,0,0,0)&#8220; button_border_radius=&#8220;10px&#8220;][\/et_pb_button][\/et_pb_column][\/et_pb_row][et_pb_row _builder_version=&#8220;4.3.4&#8243; width=&#8220;50%&#8220;][et_pb_column type=&#8220;4_4&#8243; _builder_version=&#8220;4.3.4&#8243;][et_pb_post_nav show_prev=&#8220;off&#8220; _builder_version=&#8220;4.4.7&#8243; title_font=&#8220;Franklin Gothic||||||||&#8220; title_text_color=&#8220;#000000&#8243; title_font_size=&#8220;2.5vh&#8220; global_module=&#8220;5012&#8243; saved_tabs=&#8220;all&#8220;][\/et_pb_post_nav][\/et_pb_column][\/et_pb_row][\/et_pb_section]<\/p>\n","protected":false},"excerpt":{"rendered":"<p>Die Smart Database ist das Herzst\u00fcck Ihrer SmartRadio-Umgebung. Ziehen Sie einfach mit Drag&amp;Drop alle Arten von Audiodateien in Ihre Bibliothek. Dort k\u00f6nnen Sie die Metadaten und K\u00fcnstler-\/Album-Visuals bearbeiten, wodurch Sie auf verschiedenen Plattformen, Playern oder Anwendungen ver\u00f6ffentlichen k\u00f6nnen. Mit dem webbasierten Track-Editor k\u00f6nnen Sie Cuepoints, Fadepoints und Lautst\u00e4rkepegel f\u00fcr jeden Track bearbeiten. Erstellen Sie mehrere [&hellip;]<\/p>\n","protected":false},"author":1,"featured_media":0,"parent":0,"menu_order":0,"comment_status":"closed","ping_status":"closed","template":"","meta":{"_et_pb_use_builder":"on","_et_pb_old_content":"","_et_gb_content_width":""},"_links":{"self":[{"href":"https:\/\/smartradio.nl\/de\/wp-json\/wp\/v2\/pages\/5529"}],"collection":[{"href":"https:\/\/smartradio.nl\/de\/wp-json\/wp\/v2\/pages"}],"about":[{"href":"https:\/\/smartradio.nl\/de\/wp-json\/wp\/v2\/types\/page"}],"author":[{"embeddable":true,"href":"https:\/\/smartradio.nl\/de\/wp-json\/wp\/v2\/users\/1"}],"replies":[{"embeddable":true,"href":"https:\/\/smartradio.nl\/de\/wp-json\/wp\/v2\/comments?post=5529"}],"version-history":[{"count":5,"href":"https:\/\/smartradio.nl\/de\/wp-json\/wp\/v2\/pages\/5529\/revisions"}],"predecessor-version":[{"id":5536,"href":"https:\/\/smartradio.nl\/de\/wp-json\/wp\/v2\/pages\/5529\/revisions\/5536"}],"wp:attachment":[{"href":"https:\/\/smartradio.nl\/de\/wp-json\/wp\/v2\/media?parent=5529"}],"curies":[{"name":"wp","href":"https:\/\/api.w.org\/{rel}","templated":true}]}}