{"id":5508,"date":"2021-10-20T15:13:31","date_gmt":"2021-10-20T15:13:31","guid":{"rendered":"https:\/\/smartradio.nl\/radiomanager-integration\/"},"modified":"2021-10-20T15:13:34","modified_gmt":"2021-10-20T15:13:34","slug":"radiomanager-integration","status":"publish","type":"page","link":"https:\/\/smartradio.nl\/de\/radiomanager-integration\/","title":{"rendered":"RadioManager-Integration"},"content":{"rendered":"<p>[et_pb_section fb_built=&#8220;1&#8243; _builder_version=&#8220;4.3.4&#8243; background_image=&#8220;https:\/\/smartradio.nl\/wp-content\/uploads\/2020\/02\/background-2850211_1920-transparent.png&#8220; custom_padding=&#8220;0px||0px|||&#8220;][et_pb_row admin_label=&#8220;Reihe&#8220; _builder_version=&#8220;4.4.7&#8243; background_color=&#8220;#7cb740&#8243; width=&#8220;100%&#8220; max_width=&#8220;100%&#8220; custom_padding=&#8220;26px|||||&#8220;][et_pb_column type=&#8220;4_4&#8243; _builder_version=&#8220;4.3.2&#8243;][et_pb_post_title meta=&#8220;off&#8220; featured_image=&#8220;off&#8220; _builder_version=&#8220;4.4.7&#8243; title_font=&#8220;Franklin Gothic|||on|||||&#8220; title_text_align=&#8220;center&#8220; title_text_color=&#8220;#ffffff&#8220; title_font_size=&#8220;50px&#8220; title_font_tablet=&#8220;&#8220; title_font_phone=&#8220;&#8220; title_font_last_edited=&#8220;on|phone&#8220; title_text_color_tablet=&#8220;&#8220; title_text_color_phone=&#8220;&#8220; title_text_color_last_edited=&#8220;on|phone&#8220; title_font_size_tablet=&#8220;45px&#8220; title_font_size_phone=&#8220;40px&#8220; title_font_size_last_edited=&#8220;on|phone&#8220;][\/et_pb_post_title][\/et_pb_column][\/et_pb_row][et_pb_row _builder_version=&#8220;4.3.4&#8243;][et_pb_column type=&#8220;4_4&#8243; _builder_version=&#8220;4.3.4&#8243;][et_pb_gallery gallery_ids=&#8220;5391&#8243; fullwidth=&#8220;on&#8220; _builder_version=&#8220;4.4.7&#8243; max_width=&#8220;70%&#8220; max_width_tablet=&#8220;100%&#8220; max_width_phone=&#8220;&#8220; max_width_last_edited=&#8220;on|phone&#8220; module_alignment=&#8220;center&#8220;][\/et_pb_gallery][et_pb_text _builder_version=&#8220;4.4.7&#8243; text_font=&#8220;Franklin Gothic||||||||&#8220; text_font_size=&#8220;22px&#8220; width=&#8220;70%&#8220; width_tablet=&#8220;100%&#8220; width_phone=&#8220;&#8220; width_last_edited=&#8220;on|desktop&#8220; module_alignment=&#8220;center&#8220; hover_enabled=&#8220;0&#8243;]<\/p>\n<p>SmartRadio verf\u00fcgt \u00fcber eine RadioManager-Integration f\u00fcr die Mehrkanalproduktion Ihrer Marke. Das RadioManager-Szenario synchronisiert sich mit Informationen in der Smart Database und mit dem Smart Player. Dank dieser Integration war das Ver\u00f6ffentlichen auf mehreren Plattformen noch nie so einfach. Es ist die ideale Produktionssoftware f\u00fcr Ihren Sender, die Ihnen einen digitalen \u00dcberblick \u00fcber Ihre Inhalte gibt.<\/p>\n<p>RadioManager ist das Werkzeug f\u00fcr<span><a href=\"https:\/\/smartradio.nl\/de\/smart-streaming-service\/\"> Smart Publication<\/a>, Smart Visual Radio, aber auch auf EPG-Funktionen, DAB+ Diashows, Facebook, Soundcloud oder f\u00fcr Radio DNS.<\/span><\/p>\n<p>[\/et_pb_text][et_pb_button button_url=&#8220;https:\/\/smartradio.nl\/de\/kontakt\/&#8220; button_text=&#8220;Melden Sie sich f\u00fcr SmartRadio an!&#8220; button_alignment=&#8220;center&#8220; _builder_version=&#8220;4.4.7&#8243; custom_button=&#8220;on&#8220; button_text_color=&#8220;#ffffff&#8220; button_bg_color=&#8220;#7cb740&#8243; button_border_width=&#8220;2px&#8220; button_border_color=&#8220;rgba(0,0,0,0)&#8220; button_border_radius=&#8220;10px&#8220;][\/et_pb_button][\/et_pb_column][\/et_pb_row][et_pb_row _builder_version=&#8220;4.3.4&#8243; width=&#8220;50%&#8220;][et_pb_column type=&#8220;4_4&#8243; _builder_version=&#8220;4.3.4&#8243;][et_pb_post_nav _builder_version=&#8220;4.3.4&#8243; title_font=&#8220;Franklin Gothic||||||||&#8220; title_text_color=&#8220;#000000&#8243; title_font_size=&#8220;2.5vh&#8220;][\/et_pb_post_nav][\/et_pb_column][\/et_pb_row][\/et_pb_section]<\/p>\n","protected":false},"excerpt":{"rendered":"<p>SmartRadio verf\u00fcgt \u00fcber eine RadioManager-Integration f\u00fcr die Mehrkanalproduktion Ihrer Marke. Das RadioManager-Szenario synchronisiert sich mit Informationen in der Smart Database und mit dem Smart Player. Dank dieser Integration war das Ver\u00f6ffentlichen auf mehreren Plattformen noch nie so einfach. Es ist die ideale Produktionssoftware f\u00fcr Ihren Sender, die Ihnen einen digitalen \u00dcberblick \u00fcber Ihre Inhalte gibt. [&hellip;]<\/p>\n","protected":false},"author":1,"featured_media":0,"parent":0,"menu_order":0,"comment_status":"closed","ping_status":"closed","template":"","meta":{"_et_pb_use_builder":"on","_et_pb_old_content":"","_et_gb_content_width":""},"_links":{"self":[{"href":"https:\/\/smartradio.nl\/de\/wp-json\/wp\/v2\/pages\/5508"}],"collection":[{"href":"https:\/\/smartradio.nl\/de\/wp-json\/wp\/v2\/pages"}],"about":[{"href":"https:\/\/smartradio.nl\/de\/wp-json\/wp\/v2\/types\/page"}],"author":[{"embeddable":true,"href":"https:\/\/smartradio.nl\/de\/wp-json\/wp\/v2\/users\/1"}],"replies":[{"embeddable":true,"href":"https:\/\/smartradio.nl\/de\/wp-json\/wp\/v2\/comments?post=5508"}],"version-history":[{"count":5,"href":"https:\/\/smartradio.nl\/de\/wp-json\/wp\/v2\/pages\/5508\/revisions"}],"predecessor-version":[{"id":5515,"href":"https:\/\/smartradio.nl\/de\/wp-json\/wp\/v2\/pages\/5508\/revisions\/5515"}],"wp:attachment":[{"href":"https:\/\/smartradio.nl\/de\/wp-json\/wp\/v2\/media?parent=5508"}],"curies":[{"name":"wp","href":"https:\/\/api.w.org\/{rel}","templated":true}]}}