{"id":5481,"date":"2021-10-20T11:00:57","date_gmt":"2021-10-20T11:00:57","guid":{"rendered":"https:\/\/smartradio.nl\/allgemeine-preise\/"},"modified":"2021-10-21T13:44:50","modified_gmt":"2021-10-21T13:44:50","slug":"allgemeine-preise","status":"publish","type":"page","link":"https:\/\/smartradio.nl\/de\/allgemeine-preise\/","title":{"rendered":"Allgemeine Preise"},"content":{"rendered":"<p>[et_pb_section fb_built=&#8220;1&#8243; _builder_version=&#8220;4.4.7&#8243; custom_padding=&#8220;0px||2px|||&#8220;][et_pb_row admin_label=&#8220;Reihe&#8220; _builder_version=&#8220;4.4.7&#8243; background_color=&#8220;#e02b20&#8243; width=&#8220;100%&#8220; max_width=&#8220;100%&#8220; custom_padding=&#8220;26px|||||&#8220;][et_pb_column type=&#8220;4_4&#8243; _builder_version=&#8220;4.3.2&#8243;][et_pb_post_title meta=&#8220;off&#8220; featured_image=&#8220;off&#8220; _builder_version=&#8220;4.4.7&#8243; title_font=&#8220;Franklin Gothic|||on|||||&#8220; title_text_align=&#8220;center&#8220; title_text_color=&#8220;#ffffff&#8220; title_font_size=&#8220;50px&#8220; title_font_tablet=&#8220;&#8220; title_font_phone=&#8220;&#8220; title_font_last_edited=&#8220;on|phone&#8220; title_text_color_tablet=&#8220;&#8220; title_text_color_phone=&#8220;&#8220; title_text_color_last_edited=&#8220;on|phone&#8220; title_font_size_tablet=&#8220;45px&#8220; title_font_size_phone=&#8220;40px&#8220; title_font_size_last_edited=&#8220;on|phone&#8220;][\/et_pb_post_title][\/et_pb_column][\/et_pb_row][\/et_pb_section][et_pb_section fb_built=&#8220;1&#8243; admin_label=&#8220;section&#8220; _builder_version=&#8220;3.22&#8243; custom_padding=&#8220;30px|||||&#8220;][et_pb_row _builder_version=&#8220;4.4.8&#8243; custom_padding=&#8220;0px||74px|||&#8220; column_structure=&#8220;1_2,1_2&#8243;][et_pb_column type=&#8220;1_2&#8243; _builder_version=&#8220;4.3.2&#8243;][et_pb_accordion open_toggle_text_color=&#8220;#0a0a0a&#8220; open_toggle_background_color=&#8220;#fcfcfc&#8220; closed_toggle_background_color=&#8220;#fcfcfc&#8220; module_class=&#8220;pricingdropdowns&#8220; _builder_version=&#8220;4.4.8&#8243; toggle_font=&#8220;Franklin Gothic||||||||&#8220; toggle_font_size=&#8220;22px&#8220; body_font=&#8220;Franklin Gothic||||||||&#8220; body_text_color=&#8220;#666666&#8243; body_font_size=&#8220;20px&#8220; hover_enabled=&#8220;0&#8243; body_font_size_tablet=&#8220;&#8220; body_font_size_phone=&#8220;20px&#8220; body_font_size_last_edited=&#8220;on|desktop&#8220;][et_pb_accordion_item title=&#8220;Ihr Titel geht hier&#8220; _builder_version=&#8220;4.4.4&#8243; custom_css_main_element=&#8220;display: none;&#8220; open=&#8220;on&#8220;]<\/p>\n<p>Ihre Inhalte kommen hierher. Bearbeiten oder entfernen Sie diesen Text inline oder im Modul Inhaltseinstellungen. Sie k\u00f6nnen auch jeden Aspekt dieses Inhalts in den Designeinstellungen des Moduls gestalten und sogar in den erweiterten Einstellungen des Moduls benutzerdefiniertes CSS auf diesen Text anwenden.<\/p>\n<p>[\/et_pb_accordion_item][et_pb_accordion_item title=&#8220;Intelligente Datenbank | 39 \u20ac&#8220; _builder_version=&#8220;4.4.8&#8243; open=&#8220;off&#8220;]<\/p>\n<p>Mandantenf\u00e4hige Datenbank f\u00fcr 4 Spieler<\/p>\n<p>Upload-Fenster f\u00fcr Inhalte<\/p>\n<p>Automatische Audio-Normalisierung<\/p>\n<p>Automatische In- und Next-Track-Metadaten hinzugef\u00fcgt<\/p>\n<p>Metadaten-Editor<\/p>\n<p>1 gleichzeitiger Benutzer<\/p>\n<p>[\/et_pb_accordion_item][et_pb_accordion_item title=&#8220;Zus\u00e4tzliche Benutzer | \u20ac5,-&#8220; _builder_version=&#8220;4.4.8&#8243; open=&#8220;off&#8220;][\/et_pb_accordion_item][et_pb_accordion_item title=&#8220;Smart Item Browser | \u20ac8,-&#8220; _builder_version=&#8220;4.4.8&#8243; open=&#8220;off&#8220;]<\/p>\n<p>Alle Kategorien in einer \u00dcbersicht<\/p>\n<p>Export und Import von Inhalten (News, Adds, Uploads in soziale Netzwerke)<\/p>\n<p>[\/et_pb_accordion_item][et_pb_accordion_item title=&#8220;Smart Scheduler Basic | \u20ac35,-&#8220; _builder_version=&#8220;4.4.8&#8243; open=&#8220;off&#8220;]<\/p>\n<p>Formatplaner mit Basisfunktionalit\u00e4t mit eingeschr\u00e4nkten Spurkriterien und grundlegenden Formatm\u00f6glichkeiten<\/p>\n<p>(eine Pro-Version wird im 3. Quartal 2020 auf den Markt kommen)<\/p>\n<p>[\/et_pb_accordion_item][et_pb_accordion_item title=&#8220;Intelligenter kommerzieller Planer | \u20ac44,-&#8220; _builder_version=&#8220;4.4.8&#8243; open=&#8220;off&#8220;]<\/p>\n<p>Kommerzieller Fahrplaner f\u00fcr mehrere Stationen mit detaillierten Gleis- und Plankriterien<\/p>\n<p>[\/et_pb_accordion_item][et_pb_accordion_item title=&#8220;Smart Playlist inklusive Voice-Track Basic | \u20ac8,-&#8220; _builder_version=&#8220;4.4.8&#8243; open=&#8220;off&#8220;]<\/p>\n<p>Webbasierte Sprachaufzeichnung, \u00fcber USB-Port PC\/Laptop, 1 Audiokanal<\/p>\n<p>[\/et_pb_accordion_item][et_pb_accordion_item title=&#8220;Smart Playlist inklusive Voice-Track Medium | \u20ac10,-&#8220; _builder_version=&#8220;4.4.8&#8243; open=&#8220;off&#8220;]<\/p>\n<p>Webbasierte Sprachaufzeichnung, \u00fcber USB-Port PC\/Laptop, 4-Kanal-Metadaten-Editor<\/p>\n<p>[\/et_pb_accordion_item][et_pb_accordion_item title=&#8220;Smart Playlist inklusive Voice-Track High-End | \u20ac15,-&#8220; _builder_version=&#8220;4.4.8&#8243; open=&#8220;off&#8220;]<\/p>\n<p>Webbasierte Sprachspur, \u00fcber USB-Port PC\/Laptop, 4-Kanal-Metadaten-Editor,<\/p>\n<p>vorgeplante Sprachspur in Zukunft im Smart Playlist-Modul m\u00f6glich, einschlie\u00dflich Zusammenf\u00fchren\/Hochladen.<\/p>\n<p>[\/et_pb_accordion_item][et_pb_accordion_item title=&#8220;SmartRadio Non-Stop-Player | \u20ac19,-&#8220; _builder_version=&#8220;4.4.8&#8243; open=&#8220;off&#8220;]<\/p>\n<p>Player f\u00fcr 1 Radiokanal<\/p>\n<p>Alle Metadaten auf dem Bildschirm<\/p>\n<p>Ausspielen aller geplanten (virtuellen) Elemente<\/p>\n<p>Direkte HTTP-Anforderung zur Ausspielung von Nachrichten und\/oder Spot-Inserts<\/p>\n<p>Jetzt \/ n\u00e4chste On-Air-Metadaten verf\u00fcgbar<\/p>\n<p>[\/et_pb_accordion_item][et_pb_accordion_item title=&#8220;Andere&#8220; open=&#8220;off&#8220; _builder_version=&#8220;4.4.8&#8243;]<\/p>\n<table width=\"368\" height=\"68\">\n<tbody>\n<tr>\n<td style=\"width: 176.91px;\">Livewire-Lizenz (8 in \u2013 8 out) <\/td>\n<td style=\"width: 176.91px;\">800 \u20ac<\/td>\n<\/tr>\n<tr>\n<td style=\"width: 176.91px;\">ZIP-Stream <\/td>\n<td style=\"width: 176.91px;\">\u20ac 625<\/td>\n<\/tr>\n<\/tbody>\n<\/table>\n<p>[\/et_pb_accordion_item][\/et_pb_accordion][\/et_pb_column][et_pb_column type=&#8220;1_2&#8243; _builder_version=&#8220;4.3.2&#8243;][et_pb_accordion open_toggle_text_color=&#8220;#0a0a0a&#8220; open_toggle_background_color=&#8220;#fcfcfc&#8220; closed_toggle_background_color=&#8220;#fcfcfc&#8220; module_class=&#8220;pricingdropdowns&#8220; _builder_version=&#8220;4.4.8&#8243; toggle_font=&#8220;Franklin Gothic||||||||&#8220; toggle_font_size=&#8220;22px&#8220; body_font=&#8220;Franklin Gothic||||||||&#8220; body_text_color=&#8220;#666666&#8243; body_font_size=&#8220;20px&#8220; hover_enabled=&#8220;0&#8243; body_font_size_tablet=&#8220;&#8220; body_font_size_phone=&#8220;20px&#8220; body_font_size_last_edited=&#8220;on|desktop&#8220;][et_pb_accordion_item title=&#8220;Ihr Titel geht hier&#8220; open=&#8220;on&#8220; _builder_version=&#8220;4.4.4&#8243; custom_css_main_element=&#8220;display: none;&#8220;]<\/p>\n<p>Ihre Inhalte kommen hierher. Bearbeiten oder entfernen Sie diesen Text inline oder im Modul Inhaltseinstellungen. Sie k\u00f6nnen auch jeden Aspekt dieses Inhalts in den Designeinstellungen des Moduls gestalten und sogar in den erweiterten Einstellungen des Moduls benutzerdefiniertes CSS auf diesen Text anwenden.<\/p>\n<p>[\/et_pb_accordion_item][et_pb_accordion_item title=&#8220;Smart (Live-Assist) Player | \u20ac15,-&#8220; _builder_version=&#8220;4.4.8&#8243; open=&#8220;off&#8220;]<\/p>\n<p>2-Kanal-Live-Assist-Player<\/p>\n<p>AoIP, AES67<\/p>\n<p>(Lizenzen der AoIP-Software ausgenommen)<\/p>\n<p>[\/et_pb_accordion_item][et_pb_accordion_item title=&#8220;Intelligenter Jingle-Player | \u20ac10,-&#8220; _builder_version=&#8220;4.4.8&#8243; open=&#8220;off&#8220;]<\/p>\n<p>2 Cart-Player zum Spielen von zuf\u00e4lligen Jingles<\/p>\n<p>AoIP, AES67<\/p>\n<p>[\/et_pb_accordion_item][et_pb_accordion_item title=&#8220;Intelligente Verarbeitung&#8220; _builder_version=&#8220;4.4.8&#8243; open=&#8220;off&#8220;]<\/p>\n<table width=\"467\" height=\"68\">\n<tbody>\n<tr>\n<td style=\"width: 225.799px;\">Basic <\/td>\n<td style=\"width: 226.91px;\">\u20ac88,-<\/td>\n<\/tr>\n<tr>\n<td style=\"width: 225.799px;\">Mittel<\/td>\n<td style=\"width: 226.91px;\">\u20ac102,-<\/td>\n<\/tr>\n<tr>\n<td style=\"width: 225.799px;\">Hochwertig<\/td>\n<td style=\"width: 226.91px;\">113,- \u20ac<\/td>\n<\/tr>\n<\/tbody>\n<\/table>\n<p>[\/et_pb_accordion_item][et_pb_accordion_item title=&#8220;Smart aXemble | \u20ac45,-&#8220; _builder_version=&#8220;4.4.8&#8243; open=&#8220;off&#8220;]<\/p>\n<p>Preis pro Monat\/Lizenz pro Kanal: 45,- \u20ac<\/p>\n<p>[\/et_pb_accordion_item][et_pb_accordion_item title=&#8220;Intelligente Ver\u00f6ffentlichung | Ab \u20ac49,-&#8220; _builder_version=&#8220;4.4.8&#8243; open=&#8220;off&#8220;]<\/p>\n<p>Preis f\u00fcr Weiterverkauf, Geb\u00fchr im Kooperationsvertrag<\/p>\n<p>Jetstream-Lizenz ausgeschlossen<\/p>\n<p>[\/et_pb_accordion_item][et_pb_accordion_item title=&#8220;Intelligente Analyse | Preis ma\u00dfgeschneidert&#8220; _builder_version=&#8220;4.4.8&#8243; open=&#8220;off&#8220;]<\/p>\n<p>Preis f\u00fcr Weiterverkauf, Geb\u00fchr im Kooperationsvertrag<\/p>\n<p>SmartOcto-Lizenz und Beratung ausgeschlossen <\/p>\n<p>[\/et_pb_accordion_item][et_pb_accordion_item title=&#8220;Smart-Zoom-Medien | \u20ac8,-&#8220; _builder_version=&#8220;4.4.8&#8243; open=&#8220;off&#8220;]<\/p>\n<p>API-Konnektivit\u00e4t, von Smart Items hochgeladene Inhalte direkt in Zoom Media verf\u00fcgbar<\/p>\n<p>[\/et_pb_accordion_item][et_pb_accordion_item title=&#8220;Smart Visual Radio \/ verschiedene externe Optionen | \u20ac8,-&#8220; _builder_version=&#8220;4.4.8&#8243; open=&#8220;off&#8220;]<\/p>\n<p>API-Konnektivit\u00e4t, Funktionalit\u00e4t basierend auf 10 Grundelementen<\/p>\n<p>Visual Radio-Softwarelizenz ausgeschlossen<\/p>\n<p>[\/et_pb_accordion_item][et_pb_accordion_item title=&#8220;Smart Format Planner Music Master | \u20ac8,-&#8220; _builder_version=&#8220;4.4.8&#8243; open=&#8220;off&#8220;]<\/p>\n<p>API-gesicherte HTTP-Konnektivit\u00e4t mit der Music Master Scheduling-Software<\/p>\n<p>Zwei-Wege-Richtungssynchronisierung, einschlie\u00dflich Berichten<\/p>\n<p>Live-Performance der Synchronisierung in der WEB-UI-\u00dcbersicht verf\u00fcgbar<\/p>\n<p>Ausgenommen Music Master Scheduling-Lizenz<\/p>\n<p>[\/et_pb_accordion_item][et_pb_accordion_item title=&#8220;Smart Production \/ Radio Manager | \u20ac8,-&#8220; _builder_version=&#8220;4.4.8&#8243; open=&#8220;off&#8220;]<\/p>\n<p>API-Konnektivit\u00e4t, Funktionalit\u00e4t in SmartRadio WEB UI verf\u00fcgbar<\/p>\n<p>Radiomanager-Lizenz ausgeschlossen<\/p>\n<p>[\/et_pb_accordion_item][\/et_pb_accordion][\/et_pb_column][\/et_pb_row][\/et_pb_section]<\/p>\n","protected":false},"excerpt":{"rendered":"<p>Ihre Inhalte kommen hierher. Bearbeiten oder entfernen Sie diesen Text inline oder im Modul Inhaltseinstellungen. Sie k\u00f6nnen auch jeden Aspekt dieses Inhalts in den Designeinstellungen des Moduls gestalten und sogar in den erweiterten Einstellungen des Moduls benutzerdefiniertes CSS auf diesen Text anwenden.Mandantenf\u00e4hige Datenbank f\u00fcr 4 Spieler Upload-Fenster f\u00fcr Inhalte Automatische Audio-Normalisierung Automatische In- und Next-Track-Metadaten [&hellip;]<\/p>\n","protected":false},"author":1,"featured_media":0,"parent":0,"menu_order":0,"comment_status":"closed","ping_status":"closed","template":"","meta":{"_et_pb_use_builder":"on","_et_pb_old_content":"","_et_gb_content_width":""},"_links":{"self":[{"href":"https:\/\/smartradio.nl\/de\/wp-json\/wp\/v2\/pages\/5481"}],"collection":[{"href":"https:\/\/smartradio.nl\/de\/wp-json\/wp\/v2\/pages"}],"about":[{"href":"https:\/\/smartradio.nl\/de\/wp-json\/wp\/v2\/types\/page"}],"author":[{"embeddable":true,"href":"https:\/\/smartradio.nl\/de\/wp-json\/wp\/v2\/users\/1"}],"replies":[{"embeddable":true,"href":"https:\/\/smartradio.nl\/de\/wp-json\/wp\/v2\/comments?post=5481"}],"version-history":[{"count":5,"href":"https:\/\/smartradio.nl\/de\/wp-json\/wp\/v2\/pages\/5481\/revisions"}],"predecessor-version":[{"id":5587,"href":"https:\/\/smartradio.nl\/de\/wp-json\/wp\/v2\/pages\/5481\/revisions\/5587"}],"wp:attachment":[{"href":"https:\/\/smartradio.nl\/de\/wp-json\/wp\/v2\/media?parent=5481"}],"curies":[{"name":"wp","href":"https:\/\/api.w.org\/{rel}","templated":true}]}}