{"id":5478,"date":"2021-10-20T11:00:40","date_gmt":"2021-10-20T11:00:40","guid":{"rendered":"https:\/\/smartradio.nl\/allgemeine-gebuehren-2\/"},"modified":"2023-06-16T08:57:20","modified_gmt":"2023-06-16T08:57:20","slug":"allgemeine-gebuehren-2","status":"publish","type":"page","link":"https:\/\/smartradio.nl\/de\/allgemeine-gebuehren-2\/","title":{"rendered":"Allgemeine Geb\u00fchren 2"},"content":{"rendered":"<p>[et_pb_section fb_built=&#8220;1&#8243; _builder_version=&#8220;4.4.7&#8243; custom_padding=&#8220;0px|||||&#8220; global_colors_info=&#8220;{}&#8220;][et_pb_row admin_label=&#8220;Reihe&#8220; _builder_version=&#8220;4.4.7&#8243; background_color=&#8220;#8cc641&#8243; width=&#8220;100%&#8220; max_width=&#8220;100%&#8220; custom_padding=&#8220;26px|||||&#8220; global_colors_info=&#8220;{}&#8220;][et_pb_column type=&#8220;4_4&#8243; _builder_version=&#8220;4.3.2&#8243; global_colors_info=&#8220;{}&#8220;][et_pb_post_title meta=&#8220;off&#8220; featured_image=&#8220;off&#8220; _builder_version=&#8220;4.4.7&#8243; title_font=&#8220;Franklin Gothic|||on|||||&#8220; title_text_align=&#8220;center&#8220; title_text_color=&#8220;#ffffff&#8220; title_font_size=&#8220;50px&#8220; title_font_tablet=&#8220;&#8220; title_font_phone=&#8220;&#8220; title_font_last_edited=&#8220;on|phone&#8220; title_text_color_tablet=&#8220;&#8220; title_text_color_phone=&#8220;&#8220; title_text_color_last_edited=&#8220;on|phone&#8220; title_font_size_tablet=&#8220;45px&#8220; title_font_size_phone=&#8220;40px&#8220; title_font_size_last_edited=&#8220;on|phone&#8220; global_colors_info=&#8220;{}&#8220;][\/et_pb_post_title][\/et_pb_column][\/et_pb_row][et_pb_row column_structure=&#8220;1_3,1_3,1_3&#8243; _builder_version=&#8220;4.4.7&#8243; width=&#8220;90%&#8220; global_colors_info=&#8220;{}&#8220;][et_pb_column type=&#8220;1_3&#8243; _builder_version=&#8220;4.4.7&#8243; global_colors_info=&#8220;{}&#8220;][et_pb_pricing_tables header_background_color=&#8220;#27aae1&#8243; _builder_version=&#8220;4.4.7&#8243; header_font=&#8220;Franklin Gothic|||on|||||&#8220; header_font_size=&#8220;4vh&#8220; price_text_align=&#8220;center&#8220; price_font_size=&#8220;5vh&#8220; global_colors_info=&#8220;{}&#8220;][et_pb_pricing_table title=&#8220;Intelligente Datenbank &#8220; currency=&#8220;\u20ac&#8220; sum=&#8220;39&#8243; bullet_color=&#8220;rgba(0,0,0,0)&#8220; _builder_version=&#8220;4.4.7&#8243; price_text_color=&#8220;#000000&#8243; body_font=&#8220;Franklin Gothic|300|||||||&#8220; body_text_color=&#8220;rgba(0,0,0,0.67)&#8220; body_font_size=&#8220;20px&#8220; price_font=&#8220;Franklin Gothic|700|||||||&#8220; global_colors_info=&#8220;{}&#8220; sticky_transition=&#8220;on&#8220;]<\/p>\n<p style=\"text-align: center\">Mandantenf\u00e4hige Datenbank f\u00fcr 4 Spieler<\/p>\n<p style=\"text-align: center\">Upload-Fenster f\u00fcr Inhalte<\/p>\n<p style=\"text-align: center\">Automatische Audio-Normalisierung<\/p>\n<p style=\"text-align: center\">Automatische In- und Next-Track-Metadaten hinzugef\u00fcgt<\/p>\n<p style=\"text-align: center\">Metadaten-Editor<\/p>\n<p style=\"text-align: center\">1 gleichzeitiger Benutzer<\/p>\n<p style=\"text-align: center\">[\/et_pb_pricing_table][\/et_pb_pricing_tables][et_pb_pricing_tables header_background_color=&#8220;#27aae1&#8243; _builder_version=&#8220;4.4.7&#8243; header_font=&#8220;Franklin Gothic|||on|||||&#8220; header_font_size=&#8220;4vh&#8220; price_text_align=&#8220;center&#8220; price_font_size=&#8220;5vh&#8220; global_colors_info=&#8220;{}&#8220;][et_pb_pricing_table title=&#8220;Smart (Live-Assist) Player&#8220; currency=&#8220;\u20ac&#8220; sum=&#8220;15&#8243; bullet_color=&#8220;rgba(0,0,0,0)&#8220; _builder_version=&#8220;4.4.7&#8243; price_text_color=&#8220;#000000&#8243; body_font=&#8220;Franklin Gothic|300|||||||&#8220; body_text_color=&#8220;rgba(0,0,0,0.67)&#8220; body_font_size=&#8220;20px&#8220; price_font=&#8220;Franklin Gothic|700|||||||&#8220; global_colors_info=&#8220;{}&#8220; sticky_transition=&#8220;on&#8220;]<\/p>\n<p style=\"text-align: center\">2-Kanal-Live-Assist-Player<\/p>\n<p style=\"text-align: center\">AoIP, AES67<\/p>\n<p style=\"text-align: center\">(Lizenzen der AoIP-Software ausgenommen)<\/p>\n<p>[\/et_pb_pricing_table][\/et_pb_pricing_tables][et_pb_pricing_tables header_background_color=&#8220;#27aae1&#8243; _builder_version=&#8220;4.4.7&#8243; header_font=&#8220;Franklin Gothic|||on|||||&#8220; header_font_size=&#8220;4vh&#8220; price_text_align=&#8220;center&#8220; price_font_size=&#8220;5vh&#8220; global_colors_info=&#8220;{}&#8220;][et_pb_pricing_table title=&#8220;Intelligente Ver\u00f6ffentlichung&#8220; subtitle=&#8220;von&#8220; currency=&#8220;\u20ac&#8220; sum=&#8220;49&#8243; bullet_color=&#8220;rgba(0,0,0,0)&#8220; _builder_version=&#8220;4.4.7&#8243; price_text_color=&#8220;#000000&#8243; body_font=&#8220;Franklin Gothic|300|||||||&#8220; body_text_color=&#8220;rgba(0,0,0,0.67)&#8220; body_font_size=&#8220;20px&#8220; price_font=&#8220;Franklin Gothic|700|||||||&#8220; global_colors_info=&#8220;{}&#8220; sticky_transition=&#8220;on&#8220;]<\/p>\n<p style=\"text-align: center\">Preis f\u00fcr Weiterverkauf, Geb\u00fchr im Kooperationsvertrag<\/p>\n<p style=\"text-align: center\">Jetstream-Lizenz ausgeschlossen<\/p>\n<p style=\"text-align: center\">[\/et_pb_pricing_table][\/et_pb_pricing_tables][et_pb_pricing_tables header_background_color=&#8220;#27aae1&#8243; _builder_version=&#8220;4.4.7&#8243; header_font=&#8220;Franklin Gothic|||on|||||&#8220; header_font_size=&#8220;4vh&#8220; price_text_align=&#8220;center&#8220; price_font_size=&#8220;5vh&#8220; global_colors_info=&#8220;{}&#8220;][et_pb_pricing_table title=&#8220;Smart Format Planner Music Master&#8220; currency=&#8220;\u20ac&#8220; sum=&#8220;8&#8243; bullet_color=&#8220;rgba(0,0,0,0)&#8220; _builder_version=&#8220;4.4.7&#8243; price_text_color=&#8220;#000000&#8243; body_font=&#8220;Franklin Gothic|300|||||||&#8220; body_text_color=&#8220;rgba(0,0,0,0.67)&#8220; body_font_size=&#8220;20px&#8220; price_font=&#8220;Franklin Gothic|700|||||||&#8220; global_colors_info=&#8220;{}&#8220; sticky_transition=&#8220;on&#8220;]<\/p>\n<p style=\"text-align: center\">API-gesicherte HTTP-Konnektivit\u00e4t mit der Music Master Scheduling-Software<\/p>\n<p style=\"text-align: center\">Zwei-Wege-Richtungssynchronisierung, einschlie\u00dflich Berichten<\/p>\n<p style=\"text-align: center\">Live-Performance der Synchronisierung in der WEB-UI-\u00dcbersicht verf\u00fcgbar<\/p>\n<p style=\"text-align: center\">Ausgenommen Music Master Scheduling-Lizenz<\/p>\n<p style=\"text-align: center\">[\/et_pb_pricing_table][\/et_pb_pricing_tables][et_pb_pricing_tables header_background_color=&#8220;#27aae1&#8243; _builder_version=&#8220;4.4.7&#8243; header_font=&#8220;Franklin Gothic|||on|||||&#8220; header_font_size=&#8220;4vh&#8220; price_text_align=&#8220;center&#8220; price_font_size=&#8220;5vh&#8220; global_colors_info=&#8220;{}&#8220;][et_pb_pricing_table title=&#8220;Smart Production \/ Radio Manager&#8220; currency=&#8220;\u20ac&#8220; sum=&#8220;8&#8243; bullet_color=&#8220;rgba(0,0,0,0)&#8220; _builder_version=&#8220;4.4.7&#8243; price_text_color=&#8220;#000000&#8243; body_font=&#8220;Franklin Gothic|300|||||||&#8220; body_text_color=&#8220;rgba(0,0,0,0.67)&#8220; body_font_size=&#8220;20px&#8220; price_font=&#8220;Franklin Gothic|700|||||||&#8220; global_colors_info=&#8220;{}&#8220; sticky_transition=&#8220;on&#8220;]<\/p>\n<p style=\"text-align: center\">API-Konnektivit\u00e4t, Funktionalit\u00e4t in SmartRadio WEB UI verf\u00fcgbar<\/p>\n<p style=\"text-align: center\">Radiomanager-Lizenz ausgeschlossen<\/p>\n<p style=\"text-align: center\">[\/et_pb_pricing_table][\/et_pb_pricing_tables][et_pb_pricing_tables header_background_color=&#8220;#27aae1&#8243; _builder_version=&#8220;4.4.7&#8243; header_font=&#8220;Franklin Gothic|||on|||||&#8220; header_font_size=&#8220;4vh&#8220; price_text_align=&#8220;center&#8220; price_font_size=&#8220;5vh&#8220; global_colors_info=&#8220;{}&#8220;][et_pb_pricing_table title=&#8220;Unterst\u00fctzung&#8220; bullet_color=&#8220;rgba(0,0,0,0)&#8220; _builder_version=&#8220;4.4.7&#8243; price_text_color=&#8220;#000000&#8243; body_font=&#8220;Franklin Gothic|300|||||||&#8220; body_text_color=&#8220;rgba(0,0,0,0.67)&#8220; body_font_size=&#8220;20px&#8220; price_font=&#8220;Franklin Gothic|700|||||||&#8220; global_colors_info=&#8220;{}&#8220; sticky_transition=&#8220;on&#8220;]<\/p>\n<h1 style=\"text-align: center\">15% des Gesamtwerts der Lizenzen<\/h1>\n<p style=\"text-align: center\">1<span> NS<\/span> Leitungsunterst\u00fctzung auf allen Modulen von SmartRadio, 09:00-17:00, basierend auf Best-Effort<\/p>\n<p style=\"text-align: center\">Support basierend auf den insgesamt lizenzierten Modulen<\/p>\n<p style=\"text-align: center\">[\/et_pb_pricing_table][\/et_pb_pricing_tables][\/et_pb_column][et_pb_column type=&#8220;1_3&#8243; _builder_version=&#8220;4.4.7&#8243; global_colors_info=&#8220;{}&#8220;][et_pb_pricing_tables header_background_color=&#8220;#8cc641&#8243; _builder_version=&#8220;4.4.7&#8243; header_font=&#8220;Franklin Gothic|||on|||||&#8220; header_font_size=&#8220;4vh&#8220; price_text_align=&#8220;center&#8220; price_font_size=&#8220;5vh&#8220; global_colors_info=&#8220;{}&#8220;][et_pb_pricing_table title=&#8220;Smart Non Stop Player&#8220; currency=&#8220;\u20ac&#8220; sum=&#8220;19&#8243; bullet_color=&#8220;rgba(0,0,0,0)&#8220; _builder_version=&#8220;4.4.7&#8243; price_text_color=&#8220;#000000&#8243; body_font=&#8220;Franklin Gothic|300|||||||&#8220; body_text_color=&#8220;rgba(0,0,0,0.67)&#8220; body_font_size=&#8220;20px&#8220; price_font=&#8220;Franklin Gothic|700|||||||&#8220; global_colors_info=&#8220;{}&#8220; sticky_transition=&#8220;on&#8220;]<\/p>\n<p style=\"text-align: center\">Player f\u00fcr 1 Radiokanal<\/p>\n<p style=\"text-align: center\">Alle Metadaten auf dem Bildschirm<\/p>\n<p style=\"text-align: center\">Ausspielen aller geplanten (virtuellen) Elemente<\/p>\n<p style=\"text-align: center\">Direkte HTTP-Anforderung zur Ausspielung von Nachrichten und\/oder Spot-Inserts<\/p>\n<p style=\"text-align: center\">Jetzt \/ n\u00e4chste On-Air-Metadaten verf\u00fcgbar<\/p>\n<p style=\"text-align: center\">[\/et_pb_pricing_table][\/et_pb_pricing_tables][et_pb_pricing_tables header_background_color=&#8220;#8cc641&#8243; _builder_version=&#8220;4.4.7&#8243; header_font=&#8220;Franklin Gothic|||on|||||&#8220; header_font_size=&#8220;4vh&#8220; price_text_align=&#8220;center&#8220; price_font_size=&#8220;5vh&#8220; global_colors_info=&#8220;{}&#8220;][et_pb_pricing_table title=&#8220;Intelligente Verarbeitung&#8220; bullet_color=&#8220;rgba(0,0,0,0)&#8220; _builder_version=&#8220;4.4.7&#8243; price_text_color=&#8220;#000000&#8243; body_font=&#8220;Franklin Gothic|300|||||||&#8220; body_text_color=&#8220;rgba(0,0,0,0.67)&#8220; body_font_size=&#8220;20px&#8220; price_font=&#8220;Franklin Gothic|700|||||||&#8220; global_colors_info=&#8220;{}&#8220; sticky_transition=&#8220;on&#8220;]<\/p>\n<p style=\"text-align: center\">Basis \u20ac 88,-<\/p>\n<p style=\"text-align: center\">Mittel \u20ac102,-<\/p>\n<p style=\"text-align: center\">High-End \u20ac 113,-<\/p>\n<p style=\"text-align: center\">[\/et_pb_pricing_table][\/et_pb_pricing_tables][et_pb_pricing_tables header_background_color=&#8220;#8cc641&#8243; _builder_version=&#8220;4.4.7&#8243; header_font=&#8220;Franklin Gothic|||on|||||&#8220; header_font_size=&#8220;4vh&#8220; price_text_align=&#8220;center&#8220; price_font_size=&#8220;5vh&#8220; global_colors_info=&#8220;{}&#8220;][et_pb_pricing_table title=&#8220;Smart-Item-Browser&#8220; currency=&#8220;\u20ac&#8220; sum=&#8220;8&#8243; bullet_color=&#8220;rgba(0,0,0,0)&#8220; _builder_version=&#8220;4.4.7&#8243; price_text_color=&#8220;#000000&#8243; body_font=&#8220;Franklin Gothic|300|||||||&#8220; body_text_color=&#8220;rgba(0,0,0,0.67)&#8220; body_font_size=&#8220;20px&#8220; price_font=&#8220;Franklin Gothic|700|||||||&#8220; global_colors_info=&#8220;{}&#8220; sticky_transition=&#8220;on&#8220;]<\/p>\n<p style=\"text-align: center\">Alle Kategorien in einer \u00dcbersicht<\/p>\n<p style=\"text-align: center\">Export und Import von Inhalten (News, Adds, Uploads in soziale Netzwerke)<\/p>\n<p style=\"text-align: center\">[\/et_pb_pricing_table][\/et_pb_pricing_tables][et_pb_pricing_tables header_background_color=&#8220;#8cc641&#8243; _builder_version=&#8220;4.4.7&#8243; header_font=&#8220;Franklin Gothic|||on|||||&#8220; header_font_size=&#8220;4vh&#8220; price_text_align=&#8220;center&#8220; price_font_size=&#8220;5vh&#8220; global_colors_info=&#8220;{}&#8220;][et_pb_pricing_table title=&#8220;Smart-Zoom-Medien&#8220; currency=&#8220;\u20ac&#8220; sum=&#8220;8&#8243; bullet_color=&#8220;rgba(0,0,0,0)&#8220; _builder_version=&#8220;4.4.7&#8243; price_text_color=&#8220;#000000&#8243; body_font=&#8220;Franklin Gothic|300|||||||&#8220; body_text_color=&#8220;rgba(0,0,0,0.67)&#8220; body_font_size=&#8220;20px&#8220; price_font=&#8220;Franklin Gothic|700|||||||&#8220; global_colors_info=&#8220;{}&#8220; sticky_transition=&#8220;on&#8220;]<\/p>\n<p style=\"text-align: center\"><span>API-Konnektivit\u00e4t, von Smart Items hochgeladene Inhalte direkt in Zoom Media verf\u00fcgbar<\/span><\/p>\n<p style=\"text-align: center\"><span><\/span><\/p>\n<p>[\/et_pb_pricing_table][\/et_pb_pricing_tables][et_pb_pricing_tables header_background_color=&#8220;#8cc641&#8243; _builder_version=&#8220;4.4.7&#8243; header_font=&#8220;Franklin Gothic|||on|||||&#8220; header_font_size=&#8220;4vh&#8220; price_text_align=&#8220;center&#8220; price_font_size=&#8220;5vh&#8220; global_colors_info=&#8220;{}&#8220;][et_pb_pricing_table title=&#8220;Intelligentes aXemble&#8220; subtitle=&#8220;von&#8220; currency=&#8220;\u20ac&#8220; sum=&#8220;45&#8243; bullet_color=&#8220;rgba(0,0,0,0)&#8220; _builder_version=&#8220;4.4.7&#8243; price_text_color=&#8220;#000000&#8243; body_font=&#8220;Franklin Gothic|300|||||||&#8220; body_text_color=&#8220;rgba(0,0,0,0.67)&#8220; body_font_size=&#8220;20px&#8220; price_font=&#8220;Franklin Gothic|700|||||||&#8220; global_colors_info=&#8220;{}&#8220; sticky_transition=&#8220;on&#8220;]<\/p>\n<p style=\"text-align: center\"><span>Preis pro Monat\/Lizenz f\u00fcr jeden Kanal<\/span><\/p>\n<p style=\"text-align: center\"><span><\/span><\/p>\n<p>[\/et_pb_pricing_table][\/et_pb_pricing_tables][et_pb_pricing_tables header_background_color=&#8220;#8cc641&#8243; _builder_version=&#8220;4.4.7&#8243; header_font=&#8220;Franklin Gothic|||on|||||&#8220; header_font_size=&#8220;4vh&#8220; price_text_align=&#8220;center&#8220; price_font_size=&#8220;5vh&#8220; global_colors_info=&#8220;{}&#8220;][et_pb_pricing_table title=&#8220;Smart Analyics&#8220; bullet_color=&#8220;rgba(0,0,0,0)&#8220; _builder_version=&#8220;4.4.7&#8243; price_text_color=&#8220;#000000&#8243; header_level=&#8220;h4&#8243; body_font=&#8220;Franklin Gothic|300|||||||&#8220; body_text_color=&#8220;rgba(0,0,0,0.67)&#8220; body_font_size=&#8220;20px&#8220; price_font=&#8220;Franklin Gothic|700|||||||&#8220; global_colors_info=&#8220;{}&#8220; sticky_transition=&#8220;on&#8220;]<\/p>\n<h2 style=\"text-align: center\">Preis nach Ma\u00df<\/h2>\n<p style=\"text-align: center\">Preis f\u00fcr Weiterverkauf, Geb\u00fchr im Kooperationsvertrag<\/p>\n<p style=\"text-align: center\">SmartOcto-Lizenz und Beratung ausgeschlossen<\/p>\n<p style=\"text-align: center\">[\/et_pb_pricing_table][\/et_pb_pricing_tables][et_pb_pricing_tables header_background_color=&#8220;#8cc641&#8243; _builder_version=&#8220;4.4.7&#8243; header_font=&#8220;Franklin Gothic|||on|||||&#8220; header_font_size=&#8220;4vh&#8220; price_text_align=&#8220;center&#8220; price_font_size=&#8220;5vh&#8220; global_colors_info=&#8220;{}&#8220;][et_pb_pricing_table title=&#8220;Smart Visual Radio&#8220; subtitle=&#8220;\/verschiedene externe Optionen&#8220; currency=&#8220;\u20ac&#8220; sum=&#8220;8&#8243; bullet_color=&#8220;rgba(0,0,0,0)&#8220; _builder_version=&#8220;4.4.7&#8243; price_text_color=&#8220;#000000&#8243; body_font=&#8220;Franklin Gothic|300|||||||&#8220; body_text_color=&#8220;rgba(0,0,0,0.67)&#8220; body_font_size=&#8220;20px&#8220; price_font=&#8220;Franklin Gothic|700|||||||&#8220; global_colors_info=&#8220;{}&#8220; sticky_transition=&#8220;on&#8220;]<\/p>\n<p style=\"text-align: center\">API-Konnektivit\u00e4t, Funktionalit\u00e4t basierend auf 10 Grundelementen<\/p>\n<p style=\"text-align: center\">Visual Radio-Softwarelizenz ausgeschlossen<\/p>\n<p style=\"text-align: center\">[\/et_pb_pricing_table][\/et_pb_pricing_tables][\/et_pb_column][et_pb_column type=&#8220;1_3&#8243; _builder_version=&#8220;4.4.7&#8243; global_colors_info=&#8220;{}&#8220;][et_pb_pricing_tables header_background_color=&#8220;#e02b20&#8243; _builder_version=&#8220;4.4.7&#8243; header_font=&#8220;Franklin Gothic|||on|||||&#8220; header_font_size=&#8220;4vh&#8220; price_text_align=&#8220;center&#8220; price_font_size=&#8220;5vh&#8220; global_colors_info=&#8220;{}&#8220;][et_pb_pricing_table title=&#8220;Smart Playlist inklusive Voice-Track Basic&#8220; currency=&#8220;\u20ac&#8220; sum=&#8220;8&#8243; bullet_color=&#8220;rgba(0,0,0,0)&#8220; _builder_version=&#8220;4.4.7&#8243; price_text_color=&#8220;#000000&#8243; body_font=&#8220;Franklin Gothic|300|||||||&#8220; body_text_color=&#8220;rgba(0,0,0,0.67)&#8220; body_font_size=&#8220;20px&#8220; price_font=&#8220;Franklin Gothic|700|||||||&#8220; global_colors_info=&#8220;{}&#8220; sticky_transition=&#8220;on&#8220;]<\/p>\n<p style=\"text-align: center\"><span>Webbasierte Sprachaufzeichnung<\/span><\/p>\n<p style=\"text-align: center\"><span>Verwendet USB-Port PC\/Laptop<\/span><\/p>\n<p style=\"text-align: center\"><span>1 Audiokanal<\/span><\/p>\n<p style=\"text-align: center\"><span><\/span><\/p>\n<p>[\/et_pb_pricing_table][\/et_pb_pricing_tables][et_pb_pricing_tables header_background_color=&#8220;#e02b20&#8243; _builder_version=&#8220;4.4.7&#8243; header_font=&#8220;Franklin Gothic|||on|||||&#8220; header_font_size=&#8220;4vh&#8220; price_text_align=&#8220;center&#8220; price_font_size=&#8220;5vh&#8220; global_colors_info=&#8220;{}&#8220;][et_pb_pricing_table title=&#8220;Smart Playlist inklusive Voice-Track-Medium&#8220; currency=&#8220;\u20ac&#8220; sum=&#8220;10&#8243; bullet_color=&#8220;rgba(0,0,0,0)&#8220; _builder_version=&#8220;4.4.7&#8243; price_text_color=&#8220;#000000&#8243; body_font=&#8220;Franklin Gothic|300|||||||&#8220; body_text_color=&#8220;rgba(0,0,0,0.67)&#8220; body_font_size=&#8220;20px&#8220; price_font=&#8220;Franklin Gothic|700|||||||&#8220; global_colors_info=&#8220;{}&#8220; sticky_transition=&#8220;on&#8220;]<\/p>\n<p style=\"text-align: center\"><span>Webbasierte Sprachaufzeichnung<\/span><\/p>\n<p style=\"text-align: center\"><span>Verwendet USB-Port PC\/Laptop<\/span><\/p>\n<p style=\"text-align: center\"><span>4-Kanal-Metadaten-Editor<\/span><\/p>\n<p style=\"text-align: center\"><span><\/span><\/p>\n<p>[\/et_pb_pricing_table][\/et_pb_pricing_tables][et_pb_pricing_tables header_background_color=&#8220;#e02b20&#8243; _builder_version=&#8220;4.4.7&#8243; header_font=&#8220;Franklin Gothic|||on|||||&#8220; header_font_size=&#8220;4vh&#8220; price_text_align=&#8220;center&#8220; price_font_size=&#8220;5vh&#8220; global_colors_info=&#8220;{}&#8220;][et_pb_pricing_table title=&#8220;Smart Playlist inklusive Voice-Track High End&#8220; currency=&#8220;\u20ac&#8220; sum=&#8220;15&#8243; bullet_color=&#8220;rgba(0,0,0,0)&#8220; _builder_version=&#8220;4.4.7&#8243; price_text_color=&#8220;#000000&#8243; body_font=&#8220;Franklin Gothic|300|||||||&#8220; body_text_color=&#8220;rgba(0,0,0,0.67)&#8220; body_font_size=&#8220;20px&#8220; price_font=&#8220;Franklin Gothic|700|||||||&#8220; global_colors_info=&#8220;{}&#8220; sticky_transition=&#8220;on&#8220;]<\/p>\n<p style=\"text-align: center\">Webbasierte Sprachaufzeichnung<\/p>\n<p style=\"text-align: center\">Verwendet USB-Port PC\/Laptop<\/p>\n<p style=\"text-align: center\">4-Kanal-Metadaten-Editor<\/p>\n<p style=\"text-align: center\">Vorab geplanter Sprachtrack in Zukunft im Smart Playlist Modul m\u00f6glich inklusive Zusammenf\u00fchren\/Hochladen<\/p>\n<p style=\"text-align: center\">[\/et_pb_pricing_table][\/et_pb_pricing_tables][et_pb_pricing_tables header_background_color=&#8220;#e02b20&#8243; _builder_version=&#8220;4.4.7&#8243; header_font=&#8220;Franklin Gothic|||on|||||&#8220; header_font_size=&#8220;4vh&#8220; price_text_align=&#8220;center&#8220; price_font_size=&#8220;5vh&#8220; global_colors_info=&#8220;{}&#8220;][et_pb_pricing_table title=&#8220;Zus\u00e4tzliche Benutzer&#8220; currency=&#8220;\u20ac&#8220; sum=&#8220;5&#8243; bullet_color=&#8220;rgba(0,0,0,0)&#8220; _builder_version=&#8220;4.4.7&#8243; price_text_color=&#8220;#000000&#8243; body_font=&#8220;Franklin Gothic|300|||||||&#8220; body_text_color=&#8220;rgba(0,0,0,0.67)&#8220; body_font_size=&#8220;20px&#8220; price_font=&#8220;Franklin Gothic|700|||||||&#8220; global_colors_info=&#8220;{}&#8220; sticky_transition=&#8220;on&#8220;][\/et_pb_pricing_table][\/et_pb_pricing_tables][et_pb_pricing_tables header_background_color=&#8220;#e02b20&#8243; _builder_version=&#8220;4.4.7&#8243; header_font=&#8220;Franklin Gothic|||on|||||&#8220; header_font_size=&#8220;4vh&#8220; price_text_align=&#8220;center&#8220; price_font_size=&#8220;5vh&#8220; global_colors_info=&#8220;{}&#8220;][et_pb_pricing_table title=&#8220;Smart Commercial Scheduler&#8220; currency=&#8220;\u20ac&#8220; sum=&#8220;44&#8243; bullet_color=&#8220;rgba(0,0,0,0)&#8220; _builder_version=&#8220;4.4.7&#8243; price_text_color=&#8220;#000000&#8243; body_font=&#8220;Franklin Gothic|300|||||||&#8220; body_text_color=&#8220;rgba(0,0,0,0.67)&#8220; body_font_size=&#8220;20px&#8220; price_font=&#8220;Franklin Gothic|700|||||||&#8220; global_colors_info=&#8220;{}&#8220; sticky_transition=&#8220;on&#8220;]<\/p>\n<p style=\"text-align: center\"><span>Kommerzieller Fahrplaner f\u00fcr mehrere Stationen mit detaillierten Gleis- und Plankriterien<\/span><\/p>\n<p style=\"text-align: center\"><span><\/span><\/p>\n<p>[\/et_pb_pricing_table][\/et_pb_pricing_tables][et_pb_pricing_tables header_background_color=&#8220;#e02b20&#8243; _builder_version=&#8220;4.4.7&#8243; header_font=&#8220;Franklin Gothic|||on|||||&#8220; header_font_size=&#8220;4vh&#8220; price_text_align=&#8220;center&#8220; price_font_size=&#8220;5vh&#8220; global_colors_info=&#8220;{}&#8220;][et_pb_pricing_table title=&#8220;Smart Jingle Player&#8220; currency=&#8220;\u20ac&#8220; sum=&#8220;10&#8243; bullet_color=&#8220;rgba(0,0,0,0)&#8220; _builder_version=&#8220;4.4.7&#8243; price_text_color=&#8220;#000000&#8243; body_font=&#8220;Franklin Gothic|300|||||||&#8220; body_text_color=&#8220;rgba(0,0,0,0.67)&#8220; body_font_size=&#8220;20px&#8220; price_font=&#8220;Franklin Gothic|700|||||||&#8220; global_colors_info=&#8220;{}&#8220; sticky_transition=&#8220;on&#8220;][\/et_pb_pricing_table][\/et_pb_pricing_tables][et_pb_pricing_tables header_background_color=&#8220;#e02b20&#8243; _builder_version=&#8220;4.4.7&#8243; header_font=&#8220;Franklin Gothic|||on|||||&#8220; header_font_size=&#8220;4vh&#8220; price_text_align=&#8220;center&#8220; price_font_size=&#8220;5vh&#8220; global_colors_info=&#8220;{}&#8220;][et_pb_pricing_table title=&#8220;Andere&#8220; bullet_color=&#8220;rgba(0,0,0,0)&#8220; _builder_version=&#8220;4.4.7&#8243; price_text_color=&#8220;#000000&#8243; body_font=&#8220;Franklin Gothic|300|||||||&#8220; body_text_color=&#8220;rgba(0,0,0,0.67)&#8220; body_font_size=&#8220;20px&#8220; body_line_height=&#8220;1em&#8220; price_font=&#8220;Franklin Gothic|700|||||||&#8220; global_colors_info=&#8220;{}&#8220; sticky_transition=&#8220;on&#8220;]<\/p>\n<p style=\"text-align: center\"><strong>Livewire-Lizenz<\/strong><\/p>\n<p style=\"text-align: center\">\u20ac800,-<\/p>\n<p style=\"text-align: center\"><strong>ZIP-Stream<\/strong><\/p>\n<p style=\"text-align: center\">\u20ac625,-<\/p>\n<p>&nbsp;<\/p>\n<p>[\/et_pb_pricing_table][\/et_pb_pricing_tables][et_pb_text disabled_on=&#8220;on|on|off&#8220; _builder_version=&#8220;4.4.7&#8243; header_font=&#8220;Franklin Gothic|||on|||||&#8220; header_text_color=&#8220;#ffffff&#8220; header_font_size=&#8220;40px&#8220; header_2_font=&#8220;Franklin Gothic||||||||&#8220; header_2_font_size=&#8220;40px&#8220; header_3_font=&#8220;Franklin Gothic||||||||&#8220; header_3_font_size=&#8220;40px&#8220; header_4_font=&#8220;Franklin Gothic||||||||&#8220; header_4_font_size=&#8220;40px&#8220; header_5_font=&#8220;Franklin Gothic||||||||&#8220; header_5_font_size=&#8220;40px&#8220; header_6_font=&#8220;Franklin Gothic||||||||&#8220; header_6_font_size=&#8220;40px&#8220; background_color=&#8220;#e02b20&#8243; custom_margin=&#8220;||-1px|||&#8220; custom_padding=&#8220;12px||12px||true|false&#8220; global_colors_info=&#8220;{}&#8220;]<\/p>\n<h1 style=\"text-align: center\">Cloud-Kosten <\/h1>\n<p>[\/et_pb_text][et_pb_text disabled_on=&#8220;on|on|off&#8220; _builder_version=&#8220;4.4.7&#8243; text_font_size=&#8220;16px&#8220; text_line_height=&#8220;1.8em&#8220; header_3_font_size=&#8220;20px&#8220; background_color=&#8220;#fcfcfc&#8220; global_colors_info=&#8220;{}&#8220;]<\/p>\n<table style=\"width: 100%;height: 71px\">\n<tbody>\n<tr>\n<td style=\"width: 223px\"><strong>pro Kanal reserviert<\/strong><\/td>\n<td style=\"width: 148px\">Zahlen Sie wenn sie hinausgehen<\/td>\n<td style=\"width: 162px\">1 Jahr reserviert<\/td>\n<td style=\"width: 168px\">3 Jahre reserviert<\/td>\n<\/tr>\n<tr>\n<td style=\"width: 223px\">1 Kanal<\/td>\n<td style=\"width: 148px\">\u20ac106,-<\/td>\n<td style=\"width: 162px\">\u20ac81,-<\/td>\n<td style=\"width: 168px\">\u20ac63,-<\/td>\n<\/tr>\n<\/tbody>\n<\/table>\n<p>[\/et_pb_text][\/et_pb_column][\/et_pb_row][\/et_pb_section]<\/p>\n","protected":false},"excerpt":{"rendered":"<p>Mandantenf\u00e4hige Datenbank f\u00fcr 4 Spieler Upload-Fenster f\u00fcr Inhalte Automatische Audio-Normalisierung Automatische In- und Next-Track-Metadaten hinzugef\u00fcgt Metadaten-Editor 1 gleichzeitiger Benutzer 2-Kanal-Live-Assist-Player AoIP, AES67 (Lizenzen der AoIP-Software ausgenommen)Preis f\u00fcr Weiterverkauf, Geb\u00fchr im Kooperationsvertrag Jetstream-Lizenz ausgeschlossen API-gesicherte HTTP-Konnektivit\u00e4t mit der Music Master Scheduling-Software Zwei-Wege-Richtungssynchronisierung, einschlie\u00dflich Berichten Live-Performance der Synchronisierung in der WEB-UI-\u00dcbersicht verf\u00fcgbar Ausgenommen Music Master Scheduling-Lizenz API-Konnektivit\u00e4t, [&hellip;]<\/p>\n","protected":false},"author":1,"featured_media":0,"parent":0,"menu_order":0,"comment_status":"closed","ping_status":"closed","template":"","meta":{"_et_pb_use_builder":"on","_et_pb_old_content":"","_et_gb_content_width":""},"_links":{"self":[{"href":"https:\/\/smartradio.nl\/de\/wp-json\/wp\/v2\/pages\/5478"}],"collection":[{"href":"https:\/\/smartradio.nl\/de\/wp-json\/wp\/v2\/pages"}],"about":[{"href":"https:\/\/smartradio.nl\/de\/wp-json\/wp\/v2\/types\/page"}],"author":[{"embeddable":true,"href":"https:\/\/smartradio.nl\/de\/wp-json\/wp\/v2\/users\/1"}],"replies":[{"embeddable":true,"href":"https:\/\/smartradio.nl\/de\/wp-json\/wp\/v2\/comments?post=5478"}],"version-history":[{"count":5,"href":"https:\/\/smartradio.nl\/de\/wp-json\/wp\/v2\/pages\/5478\/revisions"}],"predecessor-version":[{"id":5760,"href":"https:\/\/smartradio.nl\/de\/wp-json\/wp\/v2\/pages\/5478\/revisions\/5760"}],"wp:attachment":[{"href":"https:\/\/smartradio.nl\/de\/wp-json\/wp\/v2\/media?parent=5478"}],"curies":[{"name":"wp","href":"https:\/\/api.w.org\/{rel}","templated":true}]}}