{"id":5457,"date":"2021-10-20T10:53:19","date_gmt":"2021-10-20T10:53:19","guid":{"rendered":"https:\/\/smartradio.nl\/zuhause\/"},"modified":"2023-02-16T12:15:13","modified_gmt":"2023-02-16T12:15:13","slug":"zuhause","status":"publish","type":"page","link":"https:\/\/smartradio.nl\/de\/","title":{"rendered":"Startseite"},"content":{"rendered":"<p>[et_pb_section fb_built=&#8220;1&#8243; _builder_version=&#8220;4.4.7&#8243; background_video_mp4=&#8220;https:\/\/smartradio.nl\/wp-content\/uploads\/2020\/05\/smartradio-v5.mp4&#8243; bottom_divider_style=&#8220;slant&#8220; bottom_divider_color=&#8220;#7cb740&#8243; bottom_divider_height=&#8220;80px&#8220; bottom_divider_flip=&#8220;horizontal&#8220; bottom_divider_style_tablet=&#8220;&#8220; bottom_divider_style_phone=&#8220;&#8220; bottom_divider_style_last_edited=&#8220;on|desktop&#8220; bottom_divider_height_tablet=&#8220;&#8220; bottom_divider_height_phone=&#8220;0px&#8220; bottom_divider_height_last_edited=&#8220;on|phone&#8220; global_colors_info=&#8220;{}&#8220; custom_padding=&#8220;||277px|||&#8220;][et_pb_row _builder_version=&#8220;4.4.7&#8243; background_color=&#8220;rgba(0,0,0,0.27)&#8220; width=&#8220;50%&#8220; global_colors_info=&#8220;{}&#8220;][et_pb_column type=&#8220;4_4&#8243; _builder_version=&#8220;4.4.7&#8243; global_colors_info=&#8220;{}&#8220;][et_pb_text _builder_version=&#8220;4.4.7&#8243; header_font=&#8220;Franklin Gothic||||||||&#8220; header_text_color=&#8220;#ffffff&#8220; header_font_size=&#8220;37px&#8220; global_colors_info=&#8220;{}&#8220;]<\/p>\n<h1 style=\"text-align: center;\">Ihre ma\u00dfgeschneiderte Radio-as-a-Service-L\u00f6sung<\/h1>\n<p>[\/et_pb_text][et_pb_text _builder_version=&#8220;4.4.7&#8243; header_2_font=&#8220;Franklin Gothic||||||||&#8220; header_2_text_align=&#8220;center&#8220; header_2_text_color=&#8220;#ffffff&#8220; global_colors_info=&#8220;{}&#8220;]<\/p>\n<h2>Erstellen, bearbeiten und senden Sie Ihre eigenen fantastischen Shows,<em> Nonstop oder Live!<\/em><\/h2>\n<p>[\/et_pb_text][\/et_pb_column][\/et_pb_row][et_pb_row column_structure=&#8220;1_2,1_2&#8243; _builder_version=&#8220;4.4.7&#8243; background_color=&#8220;rgba(0,0,0,0.27)&#8220; width=&#8220;50%&#8220; module_alignment=&#8220;center&#8220; global_colors_info=&#8220;{}&#8220;][et_pb_column type=&#8220;1_2&#8243; _builder_version=&#8220;4.4.7&#8243; global_colors_info=&#8220;{}&#8220;][et_pb_button button_url=&#8220;@ET-DC@eyJkeW5hbWljIjp0cnVlLCJjb250ZW50IjoicG9zdF9saW5rX3VybF9wYWdlIiwic2V0dGluZ3MiOnsicG9zdF9pZCI6IjEwNiJ9fQ==@&#8220; button_text=&#8220;Beantragen Sie sich hier Ihre kostenlose Demo!&#8220; button_alignment=&#8220;center&#8220; button_alignment_tablet=&#8220;center&#8220; button_alignment_phone=&#8220;center&#8220; button_alignment_last_edited=&#8220;on|phone&#8220; _builder_version=&#8220;4.4.7&#8243; _dynamic_attributes=&#8220;button_url&#8220; custom_button=&#8220;on&#8220; button_text_color=&#8220;#ffffff&#8220; button_bg_color=&#8220;#27aae1&#8243; button_border_width=&#8220;0px&#8220; button_border_radius=&#8220;10px&#8220; custom_margin=&#8220;|||15px|false|false&#8220; custom_margin_tablet=&#8220;&#8220; custom_margin_phone=&#8220;|||0px|false|false&#8220; custom_margin_last_edited=&#8220;on|phone&#8220; button_text_size_tablet=&#8220;&#8220; button_text_size_phone=&#8220;16px&#8220; button_text_size_last_edited=&#8220;on|phone&#8220; global_colors_info=&#8220;{}&#8220;][\/et_pb_button][\/et_pb_column][et_pb_column type=&#8220;1_2&#8243; _builder_version=&#8220;4.4.7&#8243; global_colors_info=&#8220;{}&#8220;][et_pb_button button_url=&#8220;https:\/\/smartradio.nl\/wp-content\/uploads\/2022\/07\/200401-Smartradio_Folder-EN-Spread.pdf&#8220; button_text=&#8220;Lesen Sie die SmartRadio-Dokumentation&#8220; button_alignment=&#8220;center&#8220; button_alignment_tablet=&#8220;center&#8220; button_alignment_phone=&#8220;&#8220; button_alignment_last_edited=&#8220;on|desktop&#8220; _builder_version=&#8220;4.13.0&#8243; custom_button=&#8220;on&#8220; button_text_color=&#8220;#ffffff&#8220; button_bg_color=&#8220;#27aae1&#8243; button_border_width=&#8220;0px&#8220; button_border_radius=&#8220;10px&#8220; custom_margin=&#8220;|15px|||false|false&#8220; hover_enabled=&#8220;0&#8243; button_text_size_tablet=&#8220;&#8220; button_text_size_phone=&#8220;15px&#8220; button_text_size_last_edited=&#8220;on|phone&#8220; global_colors_info=&#8220;{}&#8220; sticky_enabled=&#8220;0&#8243;][\/et_pb_button][\/et_pb_column][\/et_pb_row][\/et_pb_section][et_pb_section fb_built=&#8220;1&#8243; next_background_color=&#8220;#000000&#8243; _builder_version=&#8220;4.4.8&#8243; custom_padding=&#8220;0px||26px||false|false&#8220; top_divider_style=&#8220;ramp&#8220; top_divider_color=&#8220;#ffffff&#8220; top_divider_height=&#8220;0px&#8220; top_divider_flip=&#8220;vertical&#8220; top_divider_arrangement=&#8220;above_content&#8220; bottom_divider_style=&#8220;slant&#8220; bottom_divider_height=&#8220;0px&#8220; global_colors_info=&#8220;{}&#8220;][et_pb_row _builder_version=&#8220;4.4.8&#8243; width=&#8220;100%&#8220; max_width=&#8220;100%&#8220; custom_padding=&#8220;0px||||false|false&#8220; global_colors_info=&#8220;{}&#8220;][et_pb_column type=&#8220;4_4&#8243; _builder_version=&#8220;4.4.7&#8243; global_colors_info=&#8220;{}&#8220;][et_pb_text _builder_version=&#8220;4.4.7&#8243; header_font=&#8220;Franklin Gothic||||||||&#8220; header_text_color=&#8220;#ffffff&#8220; header_2_font=&#8220;Franklin Gothic|||on|||||&#8220; header_2_text_color=&#8220;#ffffff&#8220; header_2_font_size=&#8220;5vh&#8220; background_color=&#8220;#7cb740&#8243; custom_padding=&#8220;20px||20px||true|false&#8220; global_colors_info=&#8220;{}&#8220;]<\/p>\n<h2 style=\"text-align: center;\">Unsere L\u00f6sung<\/h2>\n<p>[\/et_pb_text][\/et_pb_column][\/et_pb_row][et_pb_row column_structure=&#8220;1_3,1_3,1_3&#8243; _builder_version=&#8220;4.4.7&#8243; global_colors_info=&#8220;{}&#8220;][et_pb_column type=&#8220;1_3&#8243; _builder_version=&#8220;4.4.7&#8243; global_colors_info=&#8220;{}&#8220;][et_pb_blurb title=&#8220;Spart Zeit und Geld&#8220; image=&#8220;https:\/\/smartradio.nl\/wp-content\/uploads\/2020\/05\/smartwatch-3309118_1920.jpg&#8220; _builder_version=&#8220;4.13.0&#8243; header_font=&#8220;|||on|||||&#8220; header_text_align=&#8220;center&#8220; header_text_color=&#8220;#ffffff&#8220; header_font_size=&#8220;27px&#8220; body_font=&#8220;Franklin Gothic||||||||&#8220; body_text_color=&#8220;#ffffff&#8220; body_font_size=&#8220;22px&#8220; background_color=&#8220;#27aae1&#8243; custom_padding=&#8220;||3vh||false|false&#8220; global_colors_info=&#8220;{}&#8220;]<\/p>\n<p style=\"text-align: center;\">Reduziert Hardwarekosten<\/p>\n<p>[\/et_pb_blurb][et_pb_toggle title=&#8220;Mehr Info&#8220; open_toggle_text_color=&#8220;#ffffff&#8220; open_toggle_background_color=&#8220;#27aae1&#8243; closed_toggle_text_color=&#8220;#ffffff&#8220; closed_toggle_background_color=&#8220;#27aae1&#8243; icon_color=&#8220;#ffffff&#8220; open_icon_color=&#8220;#ffffff&#8220; _builder_version=&#8220;4.13.0&#8243; title_font=&#8220;Franklin Gothic|||on|||||&#8220; title_text_align=&#8220;center&#8220; title_font_size=&#8220;3vh&#8220; closed_title_font=&#8220;Franklin Gothic|||on|||||&#8220; closed_title_text_align=&#8220;center&#8220; closed_title_font_size=&#8220;3vh&#8220; body_text_color=&#8220;#ffffff&#8220; global_colors_info=&#8220;{}&#8220;]<\/p>\n<p dir=\"auto\">Mit der Einf\u00fchrung von Social Media, mobilen Apps, Streaming-Diensten und k\u00fcnstlicher Intelligenz ist die Produktion qualitativer Inhalte zu einem kostspieligen Gesch\u00e4ft geworden. Das traditionelle Back-End erm\u00f6glicht keine optimale Verbindung zu Ihren H\u00f6rern mehr und bietet Ihnen auch nicht die Flexibilit\u00e4t, die Sie ben\u00f6tigen, um mit den Marktanforderungen oder den sich \u00e4ndernden Technologien Schritt zu halten. Wenn Sie neue Hardware gekauft, deren Bedienung erlernt und Ihr Personal geschult haben, ist diese bereits veraltet und muss ersetzt werden.<\/p>\n<p dir=\"auto\">SmartRadio wurde entwickelt, um diesen sich \u00e4ndernden Anforderungen gerecht zu werden. Wir haben unsere \u00fcber 40-j\u00e4hrige Broadcast-Erfahrung genutzt, die besten Partner gesucht und Ihr gro\u00dfartiges Feedback (NAB, Radiodays, IBC u.a.) genutzt, um Ihnen die neueste Technologie in einer Cloud-basierten Umgebung anzubieten. Dank modularer, nutzungsbasierter Geb\u00fchren m\u00fcssen Sie keine teure Hardware kaufen oder viel in Schulungen f\u00fcr Ihr Team investieren.<\/p>\n<p dir=\"auto\">Sie bezahlen nur die Module, die Sie ben\u00f6tigen und profitieren von Vertragsverhandlungen, die wir bereits f\u00fcr Sie durchgef\u00fchrt haben.<\/p>\n<p>[\/et_pb_toggle][\/et_pb_column][et_pb_column type=&#8220;1_3&#8243; _builder_version=&#8220;4.4.7&#8243; global_colors_info=&#8220;{}&#8220;][et_pb_blurb title=&#8220;\u00dcberall zug\u00e4nglich&#8220; image=&#8220;https:\/\/smartradio.nl\/wp-content\/uploads\/2020\/05\/business-man-2452808_1920.jpg&#8220; _builder_version=&#8220;4.13.0&#8243; header_font=&#8220;|||on|||||&#8220; header_text_align=&#8220;center&#8220; header_text_color=&#8220;#ffffff&#8220; header_font_size=&#8220;27px&#8220; body_font=&#8220;Franklin Gothic||||||||&#8220; body_text_color=&#8220;#ffffff&#8220; body_font_size=&#8220;22px&#8220; background_color=&#8220;#e02b20&#8243; custom_padding=&#8220;||3vh||false|false&#8220; global_colors_info=&#8220;{}&#8220;]<\/p>\n<p style=\"text-align: center;\">Remote arbeiten, keine Fahrzeit mehr<\/p>\n<p>[\/et_pb_blurb][et_pb_toggle title=&#8220;Mehr Info&#8220; open_toggle_text_color=&#8220;#ffffff&#8220; open_toggle_background_color=&#8220;#e02b20&#8243; closed_toggle_text_color=&#8220;#ffffff&#8220; closed_toggle_background_color=&#8220;#e02b20&#8243; icon_color=&#8220;#ffffff&#8220; open_icon_color=&#8220;#ffffff&#8220; _builder_version=&#8220;4.13.0&#8243; title_font=&#8220;Franklin Gothic|||on|||||&#8220; title_text_align=&#8220;center&#8220; title_font_size=&#8220;3vh&#8220; closed_title_font=&#8220;Franklin Gothic|||on|||||&#8220; closed_title_text_align=&#8220;center&#8220; closed_title_font_size=&#8220;3vh&#8220; body_text_color=&#8220;#ffffff&#8220; global_colors_info=&#8220;{}&#8220;]<\/p>\n<p dir=\"auto\">Unsere Cloud-basierte Technologie erm\u00f6glicht es Ihnen, Ihre Inhalte von jedem Ort mit einer guten Internetverbindung zu erstellen, zu bearbeiten und zu teilen. Im Zug? Auf dem Passgersitz des Autos eines Freundes? Auf einer Terrasse? Am Strand? Loggen Sie sich einfach in der webbasierten Plattform ein und beginnen Sie mit dem Importieren von Tracks, Bearbeiten Ihrer Playlists, Produzieren Ihrer Show oder dem Analysieren Ihrer H\u00f6rerdaten.<\/p>\n<p dir=\"auto\">Dies reduziert nicht nur den Pendelverkehr, sondern reduziert auch Ihren CO2-Fu\u00dfabdruck und bietet gleichzeitig mehr Zeit f\u00fcr andere Dinges, sei es auf der Arbeit oder im Privatleben.<\/p>\n<p>[\/et_pb_toggle][\/et_pb_column][et_pb_column type=&#8220;1_3&#8243; _builder_version=&#8220;4.4.7&#8243; global_colors_info=&#8220;{}&#8220;][et_pb_blurb title=&#8220;Verbessert Effizienz&#8220; image=&#8220;https:\/\/smartradio.nl\/wp-content\/uploads\/2020\/05\/notebook-338486_1920-980&#215;649-1.jpg&#8220; _builder_version=&#8220;4.13.0&#8243; header_font=&#8220;|||on|||||&#8220; header_text_align=&#8220;center&#8220; header_text_color=&#8220;#ffffff&#8220; header_font_size=&#8220;27px&#8220; body_font=&#8220;Franklin Gothic||||||||&#8220; body_text_color=&#8220;#ffffff&#8220; body_font_size=&#8220;22px&#8220; background_color=&#8220;#7cb740&#8243; custom_padding=&#8220;||3vh||false|false&#8220; global_colors_info=&#8220;{}&#8220;]<\/p>\n<p style=\"text-align: center;\">Monitoring von Zuh\u00f6rerdaten<\/p>\n<p>[\/et_pb_blurb][et_pb_toggle title=&#8220;Mehr Info&#8220; open_toggle_text_color=&#8220;#ffffff&#8220; open_toggle_background_color=&#8220;#7cb740&#8243; closed_toggle_text_color=&#8220;#ffffff&#8220; closed_toggle_background_color=&#8220;#7cb740&#8243; icon_color=&#8220;#ffffff&#8220; open_icon_color=&#8220;#ffffff&#8220; _builder_version=&#8220;4.13.0&#8243; title_font=&#8220;Franklin Gothic|||on|||||&#8220; title_text_align=&#8220;center&#8220; title_font_size=&#8220;3vh&#8220; closed_title_font=&#8220;Franklin Gothic|||on|||||&#8220; closed_title_text_align=&#8220;center&#8220; closed_title_font_size=&#8220;3vh&#8220; body_text_color=&#8220;#ffffff&#8220; global_colors_info=&#8220;{}&#8220;]<\/p>\n<p dir=\"auto\">Unsere Module bieten Ihnen allerlei interessante Einblicke, um Ihren Leistungsstand zu erfahren. Wo sind die Fans, was sehen oder h\u00f6ren sie? Zu welchen Zeiten, welche Inhalte, wie lange und von welchem Ger\u00e4t.<\/p>\n<p>[\/et_pb_toggle][\/et_pb_column][\/et_pb_row][\/et_pb_section][et_pb_section fb_built=&#8220;1&#8243; _builder_version=&#8220;4.4.7&#8243; background_image=&#8220;https:\/\/smartradio.nl\/wp-content\/uploads\/2020\/05\/photo-of-imac-near-macbook-1029757-copy-scaled.jpg&#8220; parallax=&#8220;on&#8220; parallax_method=&#8220;off&#8220; height=&#8220;350px&#8220; global_colors_info=&#8220;{}&#8220;][\/et_pb_section][et_pb_section fb_built=&#8220;1&#8243; _builder_version=&#8220;4.4.7&#8243; global_colors_info=&#8220;{}&#8220;][et_pb_row column_structure=&#8220;1_2,1_2&#8243; _builder_version=&#8220;4.4.7&#8243; background_color=&#8220;#f2f2f2&#8243; global_colors_info=&#8220;{}&#8220;][et_pb_column type=&#8220;1_2&#8243; _builder_version=&#8220;4.4.7&#8243; global_colors_info=&#8220;{}&#8220;][et_pb_text _builder_version=&#8220;4.4.7&#8243; header_3_font=&#8220;Franklin Gothic||||||||&#8220; header_3_font_size=&#8220;30px&#8220; custom_padding=&#8220;|2vh||2vh|false|true&#8220; global_colors_info=&#8220;{}&#8220;]<\/p>\n<h3>MEHR \u00dcBER UNS<\/h3>\n<p>Broadcast Partners besteht seit 1979 und betreut Rundfunksender f\u00fcr alle gro\u00dfen Radiostationen in den Niederlanden und in Belgien. Wir k\u00fcmmern uns um alles \u201eRadio\u201c vom einfachen Kabel bis hin zu kompletten Studios, Playout-Software und kompletten FM\/DAB-Netzwerken.<\/p>\n<p>Medienunternehmen mussten sich in den letzten Jahren den ver\u00e4nderten Verbraucherbed\u00fcrfnissen anpassen. Die Produktion muss mehrkanalig, ger\u00e4te\u00fcbergreifend und schneller denn je sein. SmartRadio wurde entwickelt, um Ihnen bei diesem \u00dcbergang zu helfen, indem eine neue Art der Radioproduktion geschaffen wird. Wir haben unsere 40-j\u00e4hrige Erfahrung und das Feedback unserer fantastischen Kunden genutzt, um ein System zu entwickeln, das es Ihnen erm\u00f6glicht, in das zu investieren, was Sie brauchen, anstatt Ressourcen f\u00fcr Hardware zu verschwenden, die nach ein paar Jahren ausf\u00e4llt, redundant oder erneuerungsbed\u00fcrftig ist .<\/p>\n<p>SmartRadio bietet Ihnen Radio \u201eas-a-service\u201c, modular, cloudbasiert und skalierbar nach Ihren Bed\u00fcrfnissen. Unsere Entwicklungsabteilung besteht aus mehreren Fachleuten mit traditionellem Hintergrund bis hin zur neuen mobilen Generation. Diese Mischung erm\u00f6glicht eine Entwicklung, die Wissensl\u00fccken schlie\u00dft, benutzerfreundliche Schnittstellen f\u00fcr alle Generationen und ein High-Tech-Backend schafft, das sich mit allen Arten von Umgebungen verbinden kann. Wir haben mit Orban, PluxBox, Digi-Pluggen, SmartOcto, Eumedianet, Jet-Stream und anderen zusammengearbeitet, die die Besten in ihrem Bereich sind.<\/p>\n<p>Willkommen bei SmartRadio, Ihrer ma\u00dfgeschneiderten Radio-as-a-Service-L\u00f6sung.<\/p>\n<p>[\/et_pb_text][\/et_pb_column][et_pb_column type=&#8220;1_2&#8243; _builder_version=&#8220;4.4.7&#8243; global_colors_info=&#8220;{}&#8220;]<\/p>\n<p>[et_pb_gallery gallery_ids=&#8220;5351,5353,5355,5357&#8243; show_title_and_caption=&#8220;off&#8220; show_pagination=&#8220;off&#8220; _builder_version=&#8220;4.4.7&#8243; custom_margin=&#8220;|0px||0px|false|true&#8220; custom_margin_tablet=&#8220;&#8220; custom_margin_phone=&#8220;&#8220; custom_margin_last_edited=&#8220;on|phone&#8220; custom_padding=&#8220;|0px||0px|false|false&#8220; global_colors_info=&#8220;{}&#8220;][\/et_pb_gallery]<\/p>\n<p>[\/et_pb_column][\/et_pb_row][\/et_pb_section][et_pb_section fb_built=&#8220;1&#8243; _builder_version=&#8220;4.6.3&#8243; background_image=&#8220;https:\/\/smartradio.nl\/wp-content\/uploads\/2020\/05\/analytics.png&#8220; parallax=&#8220;on&#8220; parallax_method=&#8220;off&#8220; height=&#8220;350px&#8220; global_colors_info=&#8220;{}&#8220;][\/et_pb_section][et_pb_section fb_built=&#8220;1&#8243; _builder_version=&#8220;4.6.3&#8243; _module_preset=&#8220;default&#8220; custom_padding=&#8220;0px||0px|||&#8220; global_colors_info=&#8220;{}&#8220;][et_pb_row _builder_version=&#8220;4.6.3&#8243; _module_preset=&#8220;default&#8220; width=&#8220;100%&#8220; max_width=&#8220;100%&#8220; custom_padding=&#8220;0px||0px|||&#8220; global_colors_info=&#8220;{}&#8220;][et_pb_column type=&#8220;4_4&#8243; _builder_version=&#8220;4.6.3&#8243; _module_preset=&#8220;default&#8220; global_colors_info=&#8220;{}&#8220;][et_pb_text _builder_version=&#8220;4.6.3&#8243; header_font=&#8220;Franklin Gothic||||||||&#8220; header_text_color=&#8220;#ffffff&#8220; header_2_font=&#8220;Franklin Gothic|||on|||||&#8220; header_2_text_color=&#8220;#ffffff&#8220; header_2_font_size=&#8220;5vh&#8220; background_color=&#8220;#e02b20&#8243; custom_padding=&#8220;20px||20px||true|false&#8220; global_colors_info=&#8220;{}&#8220;]<\/p>\n<h2 style=\"text-align: center;\">Inspirationsfilm<\/h2>\n<p>[\/et_pb_text][\/et_pb_column][\/et_pb_row][\/et_pb_section][et_pb_section fb_built=&#8220;1&#8243; _builder_version=&#8220;4.6.3&#8243; _module_preset=&#8220;default&#8220; custom_padding=&#8220;0px|||||&#8220; global_colors_info=&#8220;{}&#8220;][et_pb_row _builder_version=&#8220;4.6.3&#8243; _module_preset=&#8220;default&#8220; global_colors_info=&#8220;{}&#8220;][et_pb_column type=&#8220;4_4&#8243; _builder_version=&#8220;4.6.3&#8243; _module_preset=&#8220;default&#8220; global_colors_info=&#8220;{}&#8220;][et_pb_video src=&#8220;https:\/\/smartradio.nl\/wp-content\/uploads\/2021\/08\/SmartRadio-V5-1.mp4&#8243; image_src=&#8220;https:\/\/smartradio.nl\/wp-content\/uploads\/2021\/11\/StilLVideo.png&#8220; _builder_version=&#8220;4.13.0&#8243; _module_preset=&#8220;default&#8220; global_colors_info=&#8220;{}&#8220;][\/et_pb_video][\/et_pb_column][\/et_pb_row][\/et_pb_section]<\/p>\n","protected":false},"excerpt":{"rendered":"<p>Ihre ma\u00dfgeschneiderte Radio-as-a-Service-L\u00f6sungErstellen, bearbeiten und senden Sie Ihre eigenen fantastischen Shows, Nonstop oder Live!Unsere L\u00f6sungReduziert HardwarekostenMit der Einf\u00fchrung von Social Media, mobilen Apps, Streaming-Diensten und k\u00fcnstlicher Intelligenz ist die Produktion qualitativer Inhalte zu einem kostspieligen Gesch\u00e4ft geworden. Das traditionelle Back-End erm\u00f6glicht keine optimale Verbindung zu Ihren H\u00f6rern mehr und bietet Ihnen auch nicht die Flexibilit\u00e4t, [&hellip;]<\/p>\n","protected":false},"author":1,"featured_media":0,"parent":0,"menu_order":0,"comment_status":"closed","ping_status":"closed","template":"","meta":{"_et_pb_use_builder":"on","_et_pb_old_content":"","_et_gb_content_width":""},"_links":{"self":[{"href":"https:\/\/smartradio.nl\/de\/wp-json\/wp\/v2\/pages\/5457"}],"collection":[{"href":"https:\/\/smartradio.nl\/de\/wp-json\/wp\/v2\/pages"}],"about":[{"href":"https:\/\/smartradio.nl\/de\/wp-json\/wp\/v2\/types\/page"}],"author":[{"embeddable":true,"href":"https:\/\/smartradio.nl\/de\/wp-json\/wp\/v2\/users\/1"}],"replies":[{"embeddable":true,"href":"https:\/\/smartradio.nl\/de\/wp-json\/wp\/v2\/comments?post=5457"}],"version-history":[{"count":26,"href":"https:\/\/smartradio.nl\/de\/wp-json\/wp\/v2\/pages\/5457\/revisions"}],"predecessor-version":[{"id":5754,"href":"https:\/\/smartradio.nl\/de\/wp-json\/wp\/v2\/pages\/5457\/revisions\/5754"}],"wp:attachment":[{"href":"https:\/\/smartradio.nl\/de\/wp-json\/wp\/v2\/media?parent=5457"}],"curies":[{"name":"wp","href":"https:\/\/api.w.org\/{rel}","templated":true}]}}