{"id":5438,"date":"2021-09-28T18:39:47","date_gmt":"2021-09-28T18:39:47","guid":{"rendered":"https:\/\/smartradio.nl\/add-ons-gebuhren\/"},"modified":"2021-11-05T14:48:59","modified_gmt":"2021-11-05T14:48:59","slug":"add-ons-gebuhren","status":"publish","type":"page","link":"https:\/\/smartradio.nl\/de\/add-ons-gebuhren\/","title":{"rendered":"Zus\u00e4tze &amp; Abo-Geb\u00fchren"},"content":{"rendered":"<p>[et_pb_section fb_built=&#8220;1&#8243; _builder_version=&#8220;4.4.7&#8243; custom_padding=&#8220;0px|||||&#8220; global_colors_info=&#8220;{}&#8220;][et_pb_row admin_label=&#8220;Reihe&#8220; _builder_version=&#8220;4.4.7&#8243; background_color=&#8220;#e02b20&#8243; width=&#8220;100%&#8220; max_width=&#8220;100%&#8220; custom_padding=&#8220;26px|||||&#8220; global_colors_info=&#8220;{}&#8220;][et_pb_column type=&#8220;4_4&#8243; _builder_version=&#8220;4.3.2&#8243; global_colors_info=&#8220;{}&#8220;][et_pb_post_title meta=&#8220;off&#8220; featured_image=&#8220;off&#8220; _builder_version=&#8220;4.4.7&#8243; title_font=&#8220;Franklin Gothic|||on|||||&#8220; title_text_align=&#8220;center&#8220; title_text_color=&#8220;#ffffff&#8220; title_font_size=&#8220;50px&#8220; title_font_tablet=&#8220;&#8220; title_font_phone=&#8220;&#8220; title_font_last_edited=&#8220;on|phone&#8220; title_text_color_tablet=&#8220;&#8220; title_text_color_phone=&#8220;&#8220; title_text_color_last_edited=&#8220;on|phone&#8220; title_font_size_tablet=&#8220;45px&#8220; title_font_size_phone=&#8220;40px&#8220; title_font_size_last_edited=&#8220;on|phone&#8220; global_colors_info=&#8220;{}&#8220;][\/et_pb_post_title][\/et_pb_column][\/et_pb_row][et_pb_row column_structure=&#8220;1_2,1_2&#8243; disabled_on=&#8220;on|on|off&#8220; _builder_version=&#8220;4.5.1&#8243; global_colors_info=&#8220;{}&#8220;][et_pb_column type=&#8220;1_2&#8243; _builder_version=&#8220;4.4.7&#8243; global_colors_info=&#8220;{}&#8220;][et_pb_text _builder_version=&#8220;4.4.7&#8243; header_font=&#8220;Franklin Gothic||||||||&#8220; header_text_color=&#8220;#ffffff&#8220; header_font_size=&#8220;40px&#8220; header_2_font=&#8220;Franklin Gothic||||||||&#8220; header_2_font_size=&#8220;40px&#8220; header_3_font=&#8220;Franklin Gothic||||||||&#8220; header_3_font_size=&#8220;40px&#8220; header_4_font=&#8220;Franklin Gothic||||||||&#8220; header_4_font_size=&#8220;40px&#8220; header_5_font=&#8220;Franklin Gothic||||||||&#8220; header_5_font_size=&#8220;40px&#8220; header_6_font=&#8220;Franklin Gothic||||||||&#8220; header_6_font_size=&#8220;40px&#8220; background_color=&#8220;#e02b20&#8243; custom_margin=&#8220;||-1px|||&#8220; custom_padding=&#8220;12px||12px||true|false&#8220; global_colors_info=&#8220;{}&#8220;]<\/p>\n<h1 style=\"text-align: center\">Add-ons &amp; Geb\u00fchren<\/h1>\n<p>[\/et_pb_text][et_pb_text _builder_version=&#8220;4.13.0&#8243; text_font_size=&#8220;16px&#8220; text_line_height=&#8220;1.8em&#8220; header_3_font_size=&#8220;20px&#8220; background_color=&#8220;#fcfcfc&#8220; global_colors_info=&#8220;{}&#8220;]<\/p>\n<table width=\"634\">\n<tbody>\n<tr style=\"height: 217px;\">\n<td style=\"height: 217px;\">\n<h4><strong>Cloud-Kosten pro Kanal einschlie\u00dflich traffic, OS disc, Virtual machine<br \/>&amp; Web Applikationen<\/strong><\/h4>\n<table style=\"width: 590px;\">\n<tbody>\n<tr>\n<td style=\"width: 240px;\"><strong>Pro Kanal:<\/strong><\/td>\n<td style=\"width: 339px;\"><strong>Zahlen Sie wenn sie hinausgehen<\/strong><\/td>\n<td style=\"width: 255.712px;\"><strong>1 Jahr<\/strong><\/td>\n<td style=\"width: 183.288px;\"><strong>3 Jahre <\/strong><\/td>\n<\/tr>\n<tr>\n<td style=\"width: 240px;\">SmartRadio<br \/>1 Kanal Basic<\/td>\n<td style=\"width: 339px;\">\u20ac76,-<\/td>\n<td style=\"width: 255.712px;\">\u20ac68,-<\/td>\n<td style=\"width: 183.288px;\">\u20ac57,-<\/td>\n<\/tr>\n<tr>\n<td style=\"width: 240px;\">SmartRadio<br \/>1 Kanal Premium<\/td>\n<td style=\"width: 339px;\">\u20ac118,-<\/td>\n<td style=\"width: 255.712px;\">\u20ac102,-<\/td>\n<td style=\"width: 183.288px;\">\u20ac79,-<\/td>\n<\/tr>\n<\/tbody>\n<\/table>\n<\/td>\n<\/tr>\n<tr style=\"height: 103px;\">\n<td style=\"height: 103px;\">\n<h4><strong>AoIP-Software inkl. silence detection<\/strong><\/h4>\n<p>\u20ac205,- Einmalige Geb\u00fchr<\/p>\n<\/td>\n<\/tr>\n<tr style=\"height: 128.08px;\">\n<td style=\"height: 128.08px;\">\n<h4><strong>Zus\u00e4tzlicher Speicher<\/strong><\/h4>\n<p>10 \u20ac pro 64 GB (andere Gr\u00f6\u00dfen auf Anfrage)<\/p>\n<\/td>\n<\/tr>\n<tr style=\"height: 103px;\">\n<td style=\"height: 103px;\">\n<h4><strong>Zus\u00e4tzliche gleichzeitige Benutzer<\/strong><\/h4>\n<p>\u20ac5,-<\/p>\n<\/td>\n<\/tr>\n<tr style=\"height: 103px;\">\n<td style=\"height: 103px;\">\n<h4><strong>VPN zur Cloud<\/strong><\/h4>\n<p>\u20ac20,-<\/p>\n<\/td>\n<\/tr>\n<tr style=\"height: 103px;\">\n<td style=\"height: 103px;\">\n<h4><strong>Wachhund<\/strong><\/h4>\n<p>5,- \u20ac pro Kanal und Monat<\/p>\n<\/td>\n<\/tr>\n<tr style=\"height: 126px;\">\n<td style=\"height: 126px;\">\n<h4><strong>Unterst\u00fctzung<\/strong><\/h4>\n<p>Montag-Freitag | 09:00 &#8211; 17:00<br \/>15% Zuschlag auf den Gesamtmodalwert<\/p>\n<\/td>\n<\/tr>\n<\/tbody>\n<\/table>\n<p>[\/et_pb_text][\/et_pb_column][et_pb_column type=&#8220;1_2&#8243; _builder_version=&#8220;4.4.7&#8243; global_colors_info=&#8220;{}&#8220;][et_pb_text _builder_version=&#8220;4.4.7&#8243; header_font=&#8220;Franklin Gothic||||||||&#8220; header_text_color=&#8220;#ffffff&#8220; header_font_size=&#8220;40px&#8220; header_2_font=&#8220;Franklin Gothic||||||||&#8220; header_2_font_size=&#8220;40px&#8220; header_3_font=&#8220;Franklin Gothic||||||||&#8220; header_3_font_size=&#8220;40px&#8220; header_4_font=&#8220;Franklin Gothic||||||||&#8220; header_4_font_size=&#8220;40px&#8220; header_5_font=&#8220;Franklin Gothic||||||||&#8220; header_5_font_size=&#8220;40px&#8220; header_6_font=&#8220;Franklin Gothic||||||||&#8220; header_6_font_size=&#8220;40px&#8220; background_color=&#8220;#27aae1&#8243; custom_margin=&#8220;||-1px|||&#8220; custom_padding=&#8220;12px||12px||true|false&#8220; global_colors_info=&#8220;{}&#8220;]<\/p>\n<h1 style=\"text-align: center\">Auf Anfrage<\/h1>\n<p>[\/et_pb_text][et_pb_text _builder_version=&#8220;4.4.7&#8243; text_font_size=&#8220;16px&#8220; text_line_height=&#8220;1.8em&#8220; header_3_font_size=&#8220;20px&#8220; background_color=&#8220;#fcfcfc&#8220; global_colors_info=&#8220;{}&#8220;]<\/p>\n<table width=\"634\">\n<tbody>\n<tr>\n<td width=\"634\">\n<h4>Support und Updates = Mo-Fr : 09:00-22:00<\/h4>\n<\/td>\n<\/tr>\n<tr>\n<td width=\"634\">\n<h4>Ausbildung<\/h4>\n<\/td>\n<\/tr>\n<tr>\n<td>\n<h4>Datenbankmigration<\/h4>\n<\/td>\n<\/tr>\n<tr>\n<td>\n<h4>Ma\u00dfgeschneiderte L\u00f6sungen<\/h4>\n<\/td>\n<\/tr>\n<tr>\n<td>\n<h4>Webbasiertes Lizenzportal f\u00fcr H\u00e4ndler verf\u00fcgbar<\/h4>\n<\/td>\n<\/tr>\n<tr>\n<td>\n<h4>Kodierung nur in AAC oder MP3.<br \/> Add-on-M\u00f6glichkeiten sind: HLS, MPEG DASH oder PCM<\/h4>\n<\/td>\n<\/tr>\n<tr>\n<td>\n<h4>Integration verf\u00fcgbarer anderer L\u00f6sungen: Visual Radio, Radio Manager und Media Management<\/h4>\n<\/td>\n<\/tr>\n<tr>\n<td>\n<h4>API f\u00fcr die Musik-Master-Synchronisation<br \/> (ausgenommen Music Master-Lizenz)<\/h4>\n<\/td>\n<\/tr>\n<\/tbody>\n<\/table>\n<p>[\/et_pb_text][\/et_pb_column][\/et_pb_row][et_pb_row disabled_on=&#8220;off|off|on&#8220; _builder_version=&#8220;4.5.1&#8243; width=&#8220;100%&#8220; global_colors_info=&#8220;{}&#8220;][et_pb_column type=&#8220;4_4&#8243; _builder_version=&#8220;4.4.7&#8243; global_colors_info=&#8220;{}&#8220;][et_pb_text _builder_version=&#8220;4.5.1&#8243; header_font=&#8220;Franklin Gothic||||||||&#8220; header_text_color=&#8220;#ffffff&#8220; header_font_size=&#8220;40px&#8220; header_2_font=&#8220;Franklin Gothic||||||||&#8220; header_2_font_size=&#8220;40px&#8220; header_3_font=&#8220;Franklin Gothic||||||||&#8220; header_3_font_size=&#8220;40px&#8220; header_4_font=&#8220;Franklin Gothic||||||||&#8220; header_4_font_size=&#8220;40px&#8220; header_5_font=&#8220;Franklin Gothic||||||||&#8220; header_5_font_size=&#8220;40px&#8220; header_6_font=&#8220;Franklin Gothic||||||||&#8220; header_6_font_size=&#8220;40px&#8220; background_color=&#8220;#e02b20&#8243; custom_margin=&#8220;||-1px|||&#8220; custom_padding=&#8220;12px||12px||true|false&#8220; global_colors_info=&#8220;{}&#8220;]<\/p>\n<h1 style=\"text-align: center\">Add-ons &amp; Geb\u00fchren<\/h1>\n<p>[\/et_pb_text][et_pb_text _builder_version=&#8220;4.5.1&#8243; text_font_size=&#8220;16px&#8220; text_line_height=&#8220;1.8em&#8220; header_3_font_size=&#8220;20px&#8220; background_color=&#8220;#fcfcfc&#8220; global_colors_info=&#8220;{}&#8220;]<\/p>\n<table width=\"634\">\n<tbody>\n<tr>\n<td>\n<h4><strong>Azure-Kosten pro Kanal<\/strong><strong> einschlie\u00dflich Verkehr,<\/strong> <\/h4>\n<h4><strong>Betriebssystem-Datentr\u00e4ger, virtuelle Maschine <\/strong><\/h4>\n<h4><strong>&amp; Web Applikationen<\/strong><\/h4>\n<table style=\"width: 298.358px\">\n<tbody>\n<tr>\n<td style=\"width: 105px\"><strong>Pro Kanal<\/strong> :<\/td>\n<td style=\"width: 194px\"><strong>Zahlen Sie wenn sie hinausgehen<\/strong><\/td>\n<td style=\"width: 146px\"><strong>1 Jahr<\/strong><\/td>\n<td style=\"width: 272.358px\"><strong>3 Jahre <\/strong><\/td>\n<\/tr>\n<tr>\n<td style=\"width: 105px\">SmartRadio<br \/> 1 Kanal normal<\/td>\n<td style=\"width: 194px\">\u20ac76,-<\/td>\n<td style=\"width: 146px\">\u20ac68,-<\/td>\n<td style=\"width: 272.358px\">\u20ac57,-<\/td>\n<\/tr>\n<tr>\n<td style=\"width: 105px\">SmartRadio<br \/> 1 Kanal Premium<\/td>\n<td style=\"width: 194px\">\u20ac 118,-<\/td>\n<td style=\"width: 146px\">\u20ac102,-<\/td>\n<td style=\"width: 272.358px\">\u20ac79,-<\/td>\n<\/tr>\n<\/tbody>\n<\/table>\n<\/td>\n<\/tr>\n<tr>\n<td>\n<h4><strong>AoIP-Software inkl. Stilleerkennung<\/strong><\/h4>\n<p>\u20ac205,- Einmalige Geb\u00fchr<\/p>\n<\/td>\n<\/tr>\n<tr>\n<td>\n<h4><strong>Zus\u00e4tzlicher Speicher<\/strong><\/h4>\n<p>10 \u20ac pro 64 GB (andere Gr\u00f6\u00dfen auf Anfrage)<\/p>\n<\/td>\n<\/tr>\n<tr>\n<td>\n<h4><strong>Streaming zu CDN (Hinweis)<\/strong><\/h4>\n<p>30 \u20ac<\/p>\n<\/td>\n<\/tr>\n<tr>\n<td>\n<h4><strong>Zus\u00e4tzliche gleichzeitige Benutzer<\/strong><\/h4>\n<p>\u20ac5,-<\/p>\n<\/td>\n<\/tr>\n<tr>\n<td>\n<h4><strong>VPN zur Cloud<\/strong><\/h4>\n<p>\u20ac20,-<\/p>\n<\/td>\n<\/tr>\n<tr>\n<td>\n<h4><strong>Wachhund<\/strong><\/h4>\n<p>5,- \u20ac pro Kanal und Monat<\/p>\n<\/td>\n<\/tr>\n<tr>\n<td>\n<h4><strong>Unterst\u00fctzung<\/strong><\/h4>\n<p>Montag-Freitag | 09:00 &#8211; 17:00<br \/> 15% Zuschlag auf den Gesamtmodalwert<\/p>\n<\/td>\n<\/tr>\n<\/tbody>\n<\/table>\n<p>[\/et_pb_text][et_pb_text _builder_version=&#8220;4.4.7&#8243; header_font=&#8220;Franklin Gothic||||||||&#8220; header_text_color=&#8220;#ffffff&#8220; header_font_size=&#8220;40px&#8220; header_2_font=&#8220;Franklin Gothic||||||||&#8220; header_2_font_size=&#8220;40px&#8220; header_3_font=&#8220;Franklin Gothic||||||||&#8220; header_3_font_size=&#8220;40px&#8220; header_4_font=&#8220;Franklin Gothic||||||||&#8220; header_4_font_size=&#8220;40px&#8220; header_5_font=&#8220;Franklin Gothic||||||||&#8220; header_5_font_size=&#8220;40px&#8220; header_6_font=&#8220;Franklin Gothic||||||||&#8220; header_6_font_size=&#8220;40px&#8220; background_color=&#8220;#27aae1&#8243; custom_margin=&#8220;||-1px|||&#8220; custom_padding=&#8220;12px||12px||true|false&#8220; global_colors_info=&#8220;{}&#8220;]<\/p>\n<h1 style=\"text-align: center\">Auf Anfrage<\/h1>\n<p>[\/et_pb_text][et_pb_text _builder_version=&#8220;4.4.7&#8243; text_font_size=&#8220;16px&#8220; text_line_height=&#8220;1.8em&#8220; header_3_font_size=&#8220;20px&#8220; background_color=&#8220;#fcfcfc&#8220; global_colors_info=&#8220;{}&#8220;]<\/p>\n<table width=\"634\">\n<tbody>\n<tr>\n<td width=\"634\">\n<h4>Support und Updates = Mo-Fr : 09:00-22:00<\/h4>\n<\/td>\n<\/tr>\n<tr>\n<td width=\"634\">\n<h4>Ausbildung<\/h4>\n<\/td>\n<\/tr>\n<tr>\n<td>\n<h4>Datenbankmigration<\/h4>\n<\/td>\n<\/tr>\n<tr>\n<td>\n<h4>Ma\u00dfgeschneiderte L\u00f6sungen<\/h4>\n<\/td>\n<\/tr>\n<tr>\n<td>\n<h4>Webbasiertes Lizenzportal f\u00fcr H\u00e4ndler verf\u00fcgbar<\/h4>\n<\/td>\n<\/tr>\n<tr>\n<td>\n<h4>Kodierung nur in AAC oder MP3.<br \/> Add-on-M\u00f6glichkeiten sind: HLS, MPEG DASH oder PCM<\/h4>\n<\/td>\n<\/tr>\n<tr>\n<td>\n<h4>Integration verf\u00fcgbarer anderer L\u00f6sungen: Visual Radio, Radio Manager und Media Management<\/h4>\n<\/td>\n<\/tr>\n<tr>\n<td>\n<h4>API f\u00fcr die Musik-Master-Synchronisation<br \/> (ausgenommen Music Master-Lizenz)<\/h4>\n<\/td>\n<\/tr>\n<\/tbody>\n<\/table>\n<p>[\/et_pb_text][\/et_pb_column][\/et_pb_row][et_pb_row _builder_version=&#8220;4.4.7&#8243; global_colors_info=&#8220;{}&#8220;][et_pb_column type=&#8220;4_4&#8243; _builder_version=&#8220;4.4.7&#8243; global_colors_info=&#8220;{}&#8220;][et_pb_text _builder_version=&#8220;4.4.7&#8243; header_2_font=&#8220;Franklin Gothic||||||||&#8220; header_2_text_align=&#8220;center&#8220; header_2_font_size=&#8220;24px&#8220; global_colors_info=&#8220;{}&#8220;]<\/p>\n<h2>Wenn Sie weitere Informationen w\u00fcnschen oder eine Frage haben, kontaktieren Sie uns bitte, indem Sie auf die Schaltfl\u00e4che unten klicken.<\/h2>\n<p>[\/et_pb_text][et_pb_button button_url=&#8220;https:\/\/smartradio.nl\/contact\/&#8220; button_text=&#8220;Stell deine Frage!&#8220; button_alignment=&#8220;center&#8220; _builder_version=&#8220;4.4.7&#8243; custom_button=&#8220;on&#8220; button_text_color=&#8220;#ffffff&#8220; button_bg_color=&#8220;#7cb740&#8243; button_border_width=&#8220;2px&#8220; button_border_color=&#8220;rgba(0,0,0,0)&#8220; button_border_radius=&#8220;10px&#8220; global_colors_info=&#8220;{}&#8220;][\/et_pb_button][\/et_pb_column][\/et_pb_row][\/et_pb_section]<\/p>\n","protected":false},"excerpt":{"rendered":"<p>[et_pb_section fb_built=&#8220;1&#8243; _builder_version=&#8220;4.4.7&#8243; custom_padding=&#8220;0px|||||&#8220; global_colors_info=&#8220;{}&#8220;][et_pb_row admin_label=&#8220;Reihe&#8220; _builder_version=&#8220;4.4.7&#8243; background_color=&#8220;#e02b20&#8243; width=&#8220;100%&#8220; max_width=&#8220;100%&#8220; custom_padding=&#8220;26px|||||&#8220; global_colors_info=&#8220;{}&#8220;][et_pb_column type=&#8220;4_4&#8243; _builder_version=&#8220;4.3.2&#8243; global_colors_info=&#8220;{}&#8220;][et_pb_post_title meta=&#8220;off&#8220; featured_image=&#8220;off&#8220; _builder_version=&#8220;4.4.7&#8243; title_font=&#8220;Franklin Gothic|||on|||||&#8220; title_text_align=&#8220;center&#8220; title_text_color=&#8220;#ffffff&#8220; title_font_size=&#8220;50px&#8220; title_font_tablet=&#8220;&#8220; title_font_phone=&#8220;&#8220; title_font_last_edited=&#8220;on|phone&#8220; title_text_color_tablet=&#8220;&#8220; title_text_color_phone=&#8220;&#8220; title_text_color_last_edited=&#8220;on|phone&#8220; title_font_size_tablet=&#8220;45px&#8220; title_font_size_phone=&#8220;40px&#8220; title_font_size_last_edited=&#8220;on|phone&#8220; global_colors_info=&#8220;{}&#8220;][\/et_pb_post_title][\/et_pb_column][\/et_pb_row][et_pb_row column_structure=&#8220;1_2,1_2&#8243; disabled_on=&#8220;on|on|off&#8220; _builder_version=&#8220;4.5.1&#8243; global_colors_info=&#8220;{}&#8220;][et_pb_column type=&#8220;1_2&#8243; _builder_version=&#8220;4.4.7&#8243; global_colors_info=&#8220;{}&#8220;][et_pb_text _builder_version=&#8220;4.4.7&#8243; header_font=&#8220;Franklin Gothic||||||||&#8220; header_text_color=&#8220;#ffffff&#8220; header_font_size=&#8220;40px&#8220; header_2_font=&#8220;Franklin Gothic||||||||&#8220; header_2_font_size=&#8220;40px&#8220; header_3_font=&#8220;Franklin Gothic||||||||&#8220; header_3_font_size=&#8220;40px&#8220; header_4_font=&#8220;Franklin Gothic||||||||&#8220; header_4_font_size=&#8220;40px&#8220; header_5_font=&#8220;Franklin [&hellip;]<\/p>\n","protected":false},"author":1,"featured_media":0,"parent":0,"menu_order":0,"comment_status":"closed","ping_status":"closed","template":"","meta":{"_et_pb_use_builder":"off","_et_pb_old_content":"","_et_gb_content_width":""},"_links":{"self":[{"href":"https:\/\/smartradio.nl\/de\/wp-json\/wp\/v2\/pages\/5438"}],"collection":[{"href":"https:\/\/smartradio.nl\/de\/wp-json\/wp\/v2\/pages"}],"about":[{"href":"https:\/\/smartradio.nl\/de\/wp-json\/wp\/v2\/types\/page"}],"author":[{"embeddable":true,"href":"https:\/\/smartradio.nl\/de\/wp-json\/wp\/v2\/users\/1"}],"replies":[{"embeddable":true,"href":"https:\/\/smartradio.nl\/de\/wp-json\/wp\/v2\/comments?post=5438"}],"version-history":[{"count":7,"href":"https:\/\/smartradio.nl\/de\/wp-json\/wp\/v2\/pages\/5438\/revisions"}],"predecessor-version":[{"id":5668,"href":"https:\/\/smartradio.nl\/de\/wp-json\/wp\/v2\/pages\/5438\/revisions\/5668"}],"wp:attachment":[{"href":"https:\/\/smartradio.nl\/de\/wp-json\/wp\/v2\/media?parent=5438"}],"curies":[{"name":"wp","href":"https:\/\/api.w.org\/{rel}","templated":true}]}}